{"id":2116,"date":"2022-11-01T07:57:07","date_gmt":"2022-11-01T06:57:07","guid":{"rendered":"https:\/\/www.scriin.se\/?page_id=2116"},"modified":"2026-01-01T20:22:46","modified_gmt":"2026-01-01T19:22:46","slug":"app","status":"publish","type":"page","link":"https:\/\/www.scriin.se\/en\/family\/app\/","title":{"rendered":"Apps"},"content":{"rendered":"<div class=\"imagehero \">\n\n\t<div class=\"jumbo\" style=\"background-image: url('https:\/\/www.scriin.se\/wp-content\/uploads\/SS16.jpg')\">\n\n\t\t<div class=\"maintext\">\n\n\t\t\t\n\n<h1 class=\"wp-block-heading\">Balance screen time and physical activity<\/h1>\n\n\n\t\t<\/div>\n\n\t<\/div>\n\n<\/div>\n\n\n\n<div class=\"wp-block-genesis-blocks-gb-container gb-block-container\"><div class=\"gb-container-inside\"><div class=\"gb-container-content\">\n<div class=\"wp-block-genesis-blocks-gb-container inner gb-block-container\"><div class=\"gb-container-inside\"><div class=\"gb-container-content\"><? $Class= block_field( 'className', false ); ?>\n\n<div class=\"boxsection noh1\">\n\n\t<div class=\"row\">\n\n\t\t<div class=\"content col-lg-6 col-md-12 order-2 order-lg-1 right\">\n\n\t\t\t\n\t\t\t\t\t\t\t\t\t<h2>Move4 \u2013 unlock screen time through movement<\/h2>\n\t\t\t\t\n\t\t\t\n\t\t\t<div class=\"text\">\n\n<p>Too much screen-time conflict at home? <strong>Move4<\/strong> helps the whole family find a healthy balance between screen time and physical activity. You get half of your daily screen time in the morning \u2014 the rest is earned through movement. Parents can set screen time limits for younger children, protected by a PIN code. Activity is tracked via your phone, smartwatch, or the <a href=\"https:\/\/www.scriin.se\/en\/family\/activity-tracker\/\">SCRIIN activity tracker<\/a>.<\/p>\n\n\n\n<div class=\"wp-block-columns is-layout-flex wp-container-core-columns-is-layout-9d6595d7 wp-block-columns-is-layout-flex\">\n<div class=\"wp-block-column is-layout-flow wp-block-column-is-layout-flow\">\n<figure class=\"wp-block-image size-full is-resized\"><a href=\"https:\/\/apps.apple.com\/se\/app\/move4scriin\/id6741825524\"><img loading=\"lazy\" decoding=\"async\" width=\"260\" height=\"88\" src=\"https:\/\/www.scriin.se\/wp-content\/uploads\/appstorelog-eng.jpg\" alt=\"\" class=\"wp-image-4562\" style=\"object-fit:cover;width:170px;height:53px\" \/><\/a><\/figure>\n<\/div>\n\n\n\n<div class=\"wp-block-column is-layout-flow wp-block-column-is-layout-flow\"><\/div>\n<\/div>\n\n<\/div>\n\n\t\t\t\n\t\t<\/div>\n\n\t\t<div class=\"mediaholder col-lg-6 col-md-12 order-1 order-lg-2 right\">\n\n\t\t\t<div class=\"imageholder\">\n\n\t\t\t\t<img decoding=\"async\" src=\"https:\/\/www.scriin.se\/wp-content\/uploads\/Move4tracker-261x434-en.png\" \/>\n\n\t\t\t<\/div>\n\n\t\t<\/div>\n\n\t<\/div>\n\n<\/div>\n<\/div><\/div><\/div>\n<\/div><\/div><\/div>\n\n\n\n<div class=\"wp-block-genesis-blocks-gb-container gb-block-container\"><div class=\"gb-container-inside\"><div class=\"gb-container-content\">\n<div class=\"wp-block-genesis-blocks-gb-container inner gb-block-container\"><div class=\"gb-container-inside\"><div class=\"gb-container-content\"><? $Class= block_field( 'className', false ); ?>\n\n<div class=\"boxsection noh1\">\n\n\t<div class=\"row\">\n\n\t\t<div class=\"content col-lg-6 col-md-12 order-2 order-lg-2 left\">\n\n\t\t\t\n\t\t\t\t\t\t\t\t\t<h2>Get the balance right<\/h2>\n\t\t\t\t\n\t\t\t\n\t\t\t<div class=\"text\">\n\n<p id=\"block-db121860-aca2-401c-82ec-0fc427f729db\">The SCRIIN app shows the balance between screen time and physical activity. It keeps track of how many steps you take, how many active minutes and your total movement times . It also measures your screen time and how many time&nbsp;you pick your phone.&nbsp;You choose what you want to track and you can set personal goals.<\/p>\n\n\n\n<p>The SCRIIN app uses the smartphone&#8217;s built-in pedometer to calculate active minutes and movement time. The app can also be connected with various smart watches and activity bracelets, or with the <a href=\"https:\/\/www.scriin.se\/en\/family\/activity-tracker\/\">SCRIIN activity tracker<\/a>.<\/p>\n\n\n\n<p><\/p>\n\n\n\n<div class=\"wp-block-columns mt40 is-layout-flex wp-container-core-columns-is-layout-9d6595d7 wp-block-columns-is-layout-flex\">\n<div class=\"wp-block-column is-layout-flow wp-block-column-is-layout-flow\">\n<figure class=\"wp-block-image size-full is-resized w170\"><img loading=\"lazy\" decoding=\"async\" width=\"260\" height=\"88\" src=\"https:\/\/www.scriin.se\/wp-content\/uploads\/appstorelog-eng.jpg\" alt=\"\" class=\"wp-image-4562\" style=\"width:170px;height:53px\" \/><\/figure>\n<\/div>\n\n\n\n<div class=\"wp-block-column is-layout-flow wp-block-column-is-layout-flow\">\n<figure class=\"wp-block-image size-full is-resized w170\"><img loading=\"lazy\" decoding=\"async\" width=\"260\" height=\"85\" src=\"https:\/\/www.scriin.se\/wp-content\/uploads\/googleplay-eng.jpg\" alt=\"\" class=\"wp-image-4568\" style=\"width:170px;height:53px\" \/><\/figure>\n<\/div>\n<\/div>\n\n<\/div>\n\n\t\t\t\n\t\t<\/div>\n\n\t\t<div class=\"mediaholder col-lg-6 col-md-12 order-1 order-lg-1 left\">\n\n\t\t\t<div class=\"imageholder\">\n\n\t\t\t\t<img decoding=\"async\" src=\"https:\/\/www.scriin.se\/wp-content\/uploads\/scriin-app-tracker.png\" \/>\n\n\t\t\t<\/div>\n\n\t\t<\/div>\n\n\t<\/div>\n\n<\/div>\n<\/div><\/div><\/div>\n<\/div><\/div><\/div>\n\n\n\n<div style=\"height:100px\" aria-hidden=\"true\" class=\"wp-block-spacer\"><\/div>\n\n\n\n<div class=\"wp-block-genesis-blocks-gb-container shade gb-block-container\"><div class=\"gb-container-inside\"><div class=\"gb-container-content\">\n<div class=\"wp-block-genesis-blocks-gb-container inner gb-block-container\"><div class=\"gb-container-inside\"><div class=\"gb-container-content\"><? $Class= block_field( 'className', false ); ?>\n\n<div class=\"boxsection \">\n\n\t<div class=\"row\">\n\n\t\t<div class=\"content col-lg-6 col-md-12 order-2 order-lg-2 left\">\n\n\t\t\t\n\t\t\t\t\t\t\t\t\t<h2>Create a challenge<\/h2>\n\t\t\t\t\n\t\t\t\n\t\t\t<div class=\"text\">\n\n<p>Create a challenge where you jointly try to walk 100,000 steps on a weekend or collect 500 active minutes together. Or why not try a digital detox where the goal is to pick up the phone a maximum of 50 times in one day? Celebrate with a nice reward if you pass the challenge!\u200b<\/p>\n\n<\/div>\n\n\t\t\t\n\t\t<\/div>\n\n\t\t<div class=\"mediaholder col-lg-6 col-md-12 order-1 order-lg-1 left\">\n\n\t\t\t<div class=\"imageholder\">\n\n\t\t\t\t<img decoding=\"async\" src=\"https:\/\/www.scriin.se\/wp-content\/uploads\/app-challenges.png\" \/>\n\n\t\t\t<\/div>\n\n\t\t<\/div>\n\n\t<\/div>\n\n<\/div>\n<\/div><\/div><\/div>\n<\/div><\/div><\/div>\n\n\n\n<div style=\"height:75px\" aria-hidden=\"true\" class=\"wp-block-spacer\"><\/div>\n\n\n\n<div class=\"wp-block-genesis-blocks-gb-container gb-block-container\"><div class=\"gb-container-inside\"><div class=\"gb-container-content\">\n<div class=\"wp-block-genesis-blocks-gb-container inner gb-block-container\"><div class=\"gb-container-inside\"><div class=\"gb-container-content\"><? $Class= block_field( 'className', false ); ?>\n\n<div class=\"boxsection \">\n\n\t<div class=\"row\">\n\n\t\t<div class=\"content col-lg-6 col-md-12 order-2 order-lg-1 right\">\n\n\t\t\t\n\t\t\t\t\t\t\t\t\t<h2>The SCRIIN app helped us decrease screen time<\/h2>\n\t\t\t\t\n\t\t\t\n\t\t\t<div class=\"text\">\n\n<p>The Pihlsg\u00e5rd family has used the SCRIIN \u200b\u200bapp to get a better handle on everyone&#8217;s screen time.<\/p>\n\n\n\n<p>We feel that the screen gets a lot of attention. It&#8217;s mainly us adults who think it&#8217;s too much, but also the young people when we discuss it, says \u00c5sa Pihlsg\u00e5rd.<\/p>\n\n<\/div>\n\n\t\t\t\n\t\t<\/div>\n\n\t\t<div class=\"mediaholder col-lg-6 col-md-12 order-1 order-lg-2 right\">\n\n\t\t\t<div class=\"imageholder\">\n\n\t\t\t\t<img decoding=\"async\" src=\"https:\/\/www.scriin.se\/wp-content\/uploads\/app3.jpg\" \/>\n\n\t\t\t<\/div>\n\n\t\t<\/div>\n\n\t<\/div>\n\n<\/div>\n<\/div><\/div><\/div>\n<\/div><\/div><\/div>\n\n\n\n<div style=\"height:100px\" aria-hidden=\"true\" class=\"wp-block-spacer\"><\/div>\n","protected":false},"excerpt":{"rendered":"","protected":false},"author":2,"featured_media":1998,"parent":1399,"menu_order":0,"comment_status":"closed","ping_status":"closed","template":"","meta":{"cybocfi_hide_featured_image":"yes","footnotes":""},"class_list":["post-2116","page","type-page","status-publish","has-post-thumbnail","hentry"],"acf":[],"yoast_head":"<!-- This site is optimized with the Yoast SEO plugin v20.12 - https:\/\/yoast.com\/wordpress\/plugins\/seo\/ -->\n<title>Apps - SCRIIN<\/title>\n<meta name=\"description\" content=\"The SCRIIN app shows the balance between screen time and physical activity. It keeps track of how many steps you take, how many active minutes and your total movement times . It also measures your screen time and how many time\u00a0you pick your phone.\u00a0You choose what you want to track and you can set personal goals.\" \/>\n<meta name=\"robots\" content=\"index, follow, max-snippet:-1, max-image-preview:large, max-video-preview:-1\" \/>\n<link rel=\"canonical\" href=\"https:\/\/www.scriin.se\/en\/family\/app\/\" \/>\n<meta property=\"og:locale\" content=\"en_US\" \/>\n<meta property=\"og:type\" content=\"article\" \/>\n<meta property=\"og:title\" content=\"Apps - SCRIIN\" \/>\n<meta property=\"og:description\" content=\"The SCRIIN app shows the balance between screen time and physical activity. It keeps track of how many steps you take, how many active minutes and your total movement times . It also measures your screen time and how many time\u00a0you pick your phone.\u00a0You choose what you want to track and you can set personal goals.\" \/>\n<meta property=\"og:url\" content=\"https:\/\/www.scriin.se\/en\/family\/app\/\" \/>\n<meta property=\"og:site_name\" content=\"SCRIIN\" \/>\n<meta property=\"article:modified_time\" content=\"2026-01-01T19:22:46+00:00\" \/>\n<meta property=\"og:image\" content=\"https:\/\/www.scriin.se\/wp-content\/uploads\/scriin-app-fb-1024x538.jpg\" \/>\n<meta name=\"twitter:card\" content=\"summary_large_image\" \/>\n<meta name=\"twitter:image\" content=\"https:\/\/www.scriin.se\/wp-content\/uploads\/scriin-app-fb.jpg\" \/>\n<meta name=\"twitter:label1\" content=\"Est. reading time\" \/>\n\t<meta name=\"twitter:data1\" content=\"2 minutes\" \/>\n<script type=\"application\/ld+json\" class=\"yoast-schema-graph\">{\"@context\":\"https:\/\/schema.org\",\"@graph\":[{\"@type\":\"WebPage\",\"@id\":\"https:\/\/www.scriin.se\/en\/family\/app\/\",\"url\":\"https:\/\/www.scriin.se\/en\/family\/app\/\",\"name\":\"Apps - SCRIIN\",\"isPartOf\":{\"@id\":\"https:\/\/www.scriin.se\/#website\"},\"datePublished\":\"2022-11-01T06:57:07+00:00\",\"dateModified\":\"2026-01-01T19:22:46+00:00\",\"description\":\"The SCRIIN app shows the balance between screen time and physical activity. It keeps track of how many steps you take, how many active minutes and your total movement times . It also measures your screen time and how many time\u00a0you pick your phone.\u00a0You choose what you want to track and you can set personal goals.\",\"breadcrumb\":{\"@id\":\"https:\/\/www.scriin.se\/en\/family\/app\/#breadcrumb\"},\"inLanguage\":\"en-US\",\"potentialAction\":[{\"@type\":\"ReadAction\",\"target\":[\"https:\/\/www.scriin.se\/en\/family\/app\/\"]}]},{\"@type\":\"BreadcrumbList\",\"@id\":\"https:\/\/www.scriin.se\/en\/family\/app\/#breadcrumb\",\"itemListElement\":[{\"@type\":\"ListItem\",\"position\":1,\"name\":\"Hem\",\"item\":\"https:\/\/www.scriin.se\/en\/\"},{\"@type\":\"ListItem\",\"position\":2,\"name\":\"Family\",\"item\":\"https:\/\/www.scriin.se\/en\/family\/\"},{\"@type\":\"ListItem\",\"position\":3,\"name\":\"Apps\"}]},{\"@type\":\"WebSite\",\"@id\":\"https:\/\/www.scriin.se\/#website\",\"url\":\"https:\/\/www.scriin.se\/\",\"name\":\"SCRIIN\",\"description\":\"Smart teknik f\u00f6r balans i v\u00e5r digitala v\u00e4rld\",\"potentialAction\":[{\"@type\":\"SearchAction\",\"target\":{\"@type\":\"EntryPoint\",\"urlTemplate\":\"https:\/\/www.scriin.se\/?s={search_term_string}\"},\"query-input\":\"required name=search_term_string\"}],\"inLanguage\":\"en-US\"}]}<\/script>\n<!-- \/ Yoast SEO plugin. -->","yoast_head_json":{"title":"Apps - SCRIIN","description":"The SCRIIN app shows the balance between screen time and physical activity. It keeps track of how many steps you take, how many active minutes and your total movement times . It also measures your screen time and how many time\u00a0you pick your phone.\u00a0You choose what you want to track and you can set personal goals.","robots":{"index":"index","follow":"follow","max-snippet":"max-snippet:-1","max-image-preview":"max-image-preview:large","max-video-preview":"max-video-preview:-1"},"canonical":"https:\/\/www.scriin.se\/en\/family\/app\/","og_locale":"en_US","og_type":"article","og_title":"Apps - SCRIIN","og_description":"The SCRIIN app shows the balance between screen time and physical activity. It keeps track of how many steps you take, how many active minutes and your total movement times . It also measures your screen time and how many time\u00a0you pick your phone.\u00a0You choose what you want to track and you can set personal goals.","og_url":"https:\/\/www.scriin.se\/en\/family\/app\/","og_site_name":"SCRIIN","article_modified_time":"2026-01-01T19:22:46+00:00","og_image":[{"url":"https:\/\/www.scriin.se\/wp-content\/uploads\/scriin-app-fb-1024x538.jpg"}],"twitter_card":"summary_large_image","twitter_image":"https:\/\/www.scriin.se\/wp-content\/uploads\/scriin-app-fb.jpg","twitter_misc":{"Est. reading time":"2 minutes"},"schema":{"@context":"https:\/\/schema.org","@graph":[{"@type":"WebPage","@id":"https:\/\/www.scriin.se\/en\/family\/app\/","url":"https:\/\/www.scriin.se\/en\/family\/app\/","name":"Apps - SCRIIN","isPartOf":{"@id":"https:\/\/www.scriin.se\/#website"},"datePublished":"2022-11-01T06:57:07+00:00","dateModified":"2026-01-01T19:22:46+00:00","description":"The SCRIIN app shows the balance between screen time and physical activity. It keeps track of how many steps you take, how many active minutes and your total movement times . It also measures your screen time and how many time\u00a0you pick your phone.\u00a0You choose what you want to track and you can set personal goals.","breadcrumb":{"@id":"https:\/\/www.scriin.se\/en\/family\/app\/#breadcrumb"},"inLanguage":"en-US","potentialAction":[{"@type":"ReadAction","target":["https:\/\/www.scriin.se\/en\/family\/app\/"]}]},{"@type":"BreadcrumbList","@id":"https:\/\/www.scriin.se\/en\/family\/app\/#breadcrumb","itemListElement":[{"@type":"ListItem","position":1,"name":"Hem","item":"https:\/\/www.scriin.se\/en\/"},{"@type":"ListItem","position":2,"name":"Family","item":"https:\/\/www.scriin.se\/en\/family\/"},{"@type":"ListItem","position":3,"name":"Apps"}]},{"@type":"WebSite","@id":"https:\/\/www.scriin.se\/#website","url":"https:\/\/www.scriin.se\/","name":"SCRIIN","description":"Smart teknik f\u00f6r balans i v\u00e5r digitala v\u00e4rld","potentialAction":[{"@type":"SearchAction","target":{"@type":"EntryPoint","urlTemplate":"https:\/\/www.scriin.se\/?s={search_term_string}"},"query-input":"required name=search_term_string"}],"inLanguage":"en-US"}]}},"featured_image_src":"https:\/\/www.scriin.se\/wp-content\/uploads\/scriin-app-tracker-261x400.png","featured_image_src_square":"https:\/\/www.scriin.se\/wp-content\/uploads\/scriin-app-tracker.png","_links":{"self":[{"href":"https:\/\/www.scriin.se\/en\/wp-json\/wp\/v2\/pages\/2116","targetHints":{"allow":["GET"]}}],"collection":[{"href":"https:\/\/www.scriin.se\/en\/wp-json\/wp\/v2\/pages"}],"about":[{"href":"https:\/\/www.scriin.se\/en\/wp-json\/wp\/v2\/types\/page"}],"author":[{"embeddable":true,"href":"https:\/\/www.scriin.se\/en\/wp-json\/wp\/v2\/users\/2"}],"replies":[{"embeddable":true,"href":"https:\/\/www.scriin.se\/en\/wp-json\/wp\/v2\/comments?post=2116"}],"version-history":[{"count":10,"href":"https:\/\/www.scriin.se\/en\/wp-json\/wp\/v2\/pages\/2116\/revisions"}],"predecessor-version":[{"id":4572,"href":"https:\/\/www.scriin.se\/en\/wp-json\/wp\/v2\/pages\/2116\/revisions\/4572"}],"up":[{"embeddable":true,"href":"https:\/\/www.scriin.se\/en\/wp-json\/wp\/v2\/pages\/1399"}],"wp:featuredmedia":[{"embeddable":true,"href":"https:\/\/www.scriin.se\/en\/wp-json\/wp\/v2\/media\/1998"}],"wp:attachment":[{"href":"https:\/\/www.scriin.se\/en\/wp-json\/wp\/v2\/media?parent=2116"}],"curies":[{"name":"wp","href":"https:\/\/api.w.org\/{rel}","templated":true}]}}