{"id":2112,"date":"2022-11-01T08:40:50","date_gmt":"2022-11-01T07:40:50","guid":{"rendered":"https:\/\/www.scriin.se\/?page_id=2112"},"modified":"2026-01-01T18:43:51","modified_gmt":"2026-01-01T17:43:51","slug":"activity-tracker","status":"publish","type":"page","link":"https:\/\/www.scriin.se\/en\/family\/activity-tracker\/","title":{"rendered":"Activity Tracker"},"content":{"rendered":"<div class=\"imagehero \">\n\n\t<div class=\"jumbo\" style=\"background-image: url('https:\/\/www.scriin.se\/wp-content\/uploads\/matare1.jpg')\">\n\n\t\t<div class=\"maintext\">\n\n\t\t\t\n\n<h1 class=\"wp-block-heading\">Inspire the whole family to move<\/h1>\n\n\n\t\t<\/div>\n\n\t<\/div>\n\n<\/div>\n\n\n\n<div class=\"wp-block-genesis-blocks-gb-container gb-block-container\"><div class=\"gb-container-inside\"><div class=\"gb-container-content\">\n<div class=\"wp-block-genesis-blocks-gb-container inner gb-block-container\"><div class=\"gb-container-inside\"><div class=\"gb-container-content\"><? $Class= block_field( 'className', false ); ?>\n\n<div class=\"boxsection \">\n\n\t<div class=\"row\">\n\n\t\t<div class=\"content col-lg-6 col-md-12 order-2 order-lg-1 right\">\n\n\t\t\t\n\t\t\t\t\t\t\t\t\t<h2>Be active every day<\/h2>\n\t\t\t\t\n\t\t\t\n\t\t\t<div class=\"text\">\n\n<p>Being physically active is important for both our physical and mental health. SCRIIN&#8217;s activity tracker records all activities &#8211; playing, running, dancing, playing football, walking and jumping trampoline. It works both &#8220;standalone&#8221; (for younger children) and linked to the SCRIIN \u200b\u200bapp.<\/p>\n\n<\/div>\n\n\t\t\t\n\t\t<\/div>\n\n\t\t<div class=\"mediaholder col-lg-6 col-md-12 order-1 order-lg-2 right\">\n\n\t\t\t<div class=\"imageholder\">\n\n\t\t\t\t<img decoding=\"async\" src=\"https:\/\/www.scriin.se\/wp-content\/uploads\/matare2.jpg\" \/>\n\n\t\t\t<\/div>\n\n\t\t<\/div>\n\n\t<\/div>\n\n<\/div>\n<\/div><\/div><\/div>\n<\/div><\/div><\/div>\n\n\n\n<div style=\"height:100px\" aria-hidden=\"true\" class=\"wp-block-spacer\"><\/div>\n\n\n\n<div class=\"wp-block-genesis-blocks-gb-container gb-block-container\"><div class=\"gb-container-inside\"><div class=\"gb-container-content\">\n<div class=\"wp-block-genesis-blocks-gb-container inner gb-block-container\"><div class=\"gb-container-inside\"><div class=\"gb-container-content\"><? $Class= block_field( 'className', false ); ?>\n\n<div class=\"boxsection \">\n\n\t<div class=\"row\">\n\n\t\t<div class=\"content col-lg-6 col-md-12 order-2 order-lg-2 left\">\n\n\t\t\t\n\t\t\t\t\t\t\t\t\t<h2>Achieve the WHO&#8217;s activity goal<\/h2>\n\t\t\t\t\n\t\t\t\n\t\t\t<div class=\"text\">\n\n<p>The SCRIIN tracker indicates with 4 blue LED your progress towards WHO&#8217;s recommendations of 60 minutes daily physical activity. <\/p>\n\n\n\n<p>The first LED lights up after 15 minutes of activity, the second after 30 minutes. When all for LED light up the WHO goal is achieved.<\/p>\n\n<\/div>\n\n\t\t\t\n\t\t<\/div>\n\n\t\t<div class=\"mediaholder col-lg-6 col-md-12 order-1 order-lg-1 left\">\n\n\t\t\t<div class=\"imageholder\">\n\n\t\t\t\t<img decoding=\"async\" src=\"https:\/\/www.scriin.se\/wp-content\/uploads\/tracker-560x400-1.jpg\" \/>\n\n\t\t\t<\/div>\n\n\t\t<\/div>\n\n\t<\/div>\n\n<\/div>\n<\/div><\/div><\/div>\n<\/div><\/div><\/div>\n\n\n\n<div style=\"height:75px\" aria-hidden=\"true\" class=\"wp-block-spacer\"><\/div>\n\n\n\n<div class=\"wp-block-genesis-blocks-gb-container gb-block-container\"><div class=\"gb-container-inside\"><div class=\"gb-container-content\">\n<div class=\"wp-block-genesis-blocks-gb-container inner gb-block-container\"><div class=\"gb-container-inside\"><div class=\"gb-container-content\"><? $Class= block_field( 'className', false ); ?>\n\n<div class=\"boxsection \">\n\n\t<div class=\"row\">\n\n\t\t<div class=\"content col-lg-6 col-md-12 order-2 order-lg-1 right\">\n\n\t\t\t\n\t\t\t\t\t\t\t\t\t<h2>Small and lightweight<\/h2>\n\t\t\t\t\n\t\t\t\n\t\t\t<div class=\"text\">\n\n<p>The activity tracker is small and lightweight. It can be worn on the hip, in the pocket or on a lanyard around the neck.<\/p>\n\n\n\n<p>The meter does not need to be charged. It has a replaceable CR2032 battery that lasts for about 3 months.<\/p>\n\n<\/div>\n\n\t\t\t\n\t\t<\/div>\n\n\t\t<div class=\"mediaholder col-lg-6 col-md-12 order-1 order-lg-2 right\">\n\n\t\t\t<div class=\"imageholder\">\n\n\t\t\t\t<img decoding=\"async\" src=\"https:\/\/www.scriin.se\/wp-content\/uploads\/matare4.jpg\" \/>\n\n\t\t\t<\/div>\n\n\t\t<\/div>\n\n\t<\/div>\n\n<\/div>\n<\/div><\/div><\/div>\n<\/div><\/div><\/div>\n\n\n\n<div style=\"height:75px\" aria-hidden=\"true\" class=\"wp-block-spacer\"><\/div>\n\n\n\n<div style=\"height:75px\" aria-hidden=\"true\" class=\"wp-block-spacer\"><\/div>\n\n\n\n<div class=\"wp-block-genesis-blocks-gb-container gb-block-container\"><div class=\"gb-container-inside\"><div class=\"gb-container-content\">\n<div class=\"wp-block-genesis-blocks-gb-container gb-block-container\"><div class=\"gb-container-inside\"><div class=\"gb-container-content\">\n<div class=\"wp-block-genesis-blocks-gb-container inner gb-block-container\"><div class=\"gb-container-inside\"><div class=\"gb-container-content\"><? $Class= block_field( 'className', false ); ?>\n\n<div class=\"boxsection \">\n\n\t<div class=\"row\">\n\n\t\t<div class=\"content col-lg-6 col-md-12 order-2 order-lg-1 right\">\n\n\t\t\t\n\t\t\t\t\t\t\t\t\t<h2>Order a SCRIIN tracker<\/h2>\n\t\t\t\t\n\t\t\t\n\t\t\t<div class=\"text\">\n\n<p>The price for a SCRIIN tracker is&nbsp;<strong>350 SEK<\/strong>&nbsp;with free shipping in Sweden (+50 SEK in EU). E-mail us at <a href=\"mailto:info@scriin.se\">info@scriin.se<\/a> if you are interested to buy one.<\/p>\n\n\n\n<p><strong>Are you representing a school? <\/strong>SCRIIN has many solutions for schools that wants to measure physical activity and inspire the children to be more active. Learn more here at <a href=\"https:\/\/www.scriin.se\/en\/school\/\">SCRIIN School<\/a>.<\/p>\n\n\n\n<div class=\"wp-block-buttons is-layout-flex wp-block-buttons-is-layout-flex\"><\/div>\n\n<\/div>\n\n\t\t\t\n\t\t<\/div>\n\n\t\t<div class=\"mediaholder col-lg-6 col-md-12 order-1 order-lg-2 right\">\n\n\t\t\t<div class=\"imageholder\">\n\n\t\t\t\t<img decoding=\"async\" src=\"https:\/\/www.scriin.se\/wp-content\/uploads\/rorelsematare.jpg\" \/>\n\n\t\t\t<\/div>\n\n\t\t<\/div>\n\n\t<\/div>\n\n<\/div>\n<\/div><\/div><\/div>\n<\/div><\/div><\/div>\n\n\n\n<div class=\"wp-block-genesis-blocks-gb-container inner gb-block-container\"><div class=\"gb-container-inside\"><div class=\"gb-container-content\"><? $Class= block_field( 'className', false ); ?>\n\n<div class=\"boxsection \">\n\n\t<div class=\"row\">\n\n\t\t<div class=\"content col-lg-6 col-md-12 order-2 order-lg-2 left\">\n\n\t\t\t\n\t\t\t\t\t\t\t\t\t<h2>Unique algorithm<\/h2>\n\t\t\t\t\n\t\t\t\n\t\t\t<div class=\"text\">\n\n<p>SCRIIN&#8217;s algorithm is based on the WHO&#8217;s recommendations for physical activity. It is validated in a study with Karolinska Institutet where students in grades 5 and 6 wore the tracker for 6 weeks. The students&#8217; activity increased by as much as 50% during this period.<\/p>\n\n<\/div>\n\n\t\t\t\n\t\t<\/div>\n\n\t\t<div class=\"mediaholder col-lg-6 col-md-12 order-1 order-lg-1 left\">\n\n\t\t\t<div class=\"imageholder\">\n\n\t\t\t\t<img decoding=\"async\" src=\"https:\/\/www.scriin.se\/wp-content\/uploads\/matare5.jpg\" \/>\n\n\t\t\t<\/div>\n\n\t\t<\/div>\n\n\t<\/div>\n\n<\/div>\n<\/div><\/div><\/div>\n<\/div><\/div><\/div>\n\n\n\n<div class=\"wp-block-genesis-blocks-gb-container gb-block-container\"><div class=\"gb-container-inside\"><div class=\"gb-container-content\">\n<div class=\"wp-block-genesis-blocks-gb-container inner gb-block-container\"><div class=\"gb-container-inside\"><div class=\"gb-container-content\"><? $Class= block_field( 'className', false ); ?>\n\n<div class=\"boxsection shade\">\n\n\t<div class=\"row\">\n\n\t\t<div class=\"content col-lg-6 col-md-12 order-2 order-lg-1 right\">\n\n\t\t\t\n\t\t\t\t\t\t\t\t\t<h2>The activity tracker made a big difference for our family<\/h2>\n\t\t\t\t\n\t\t\t\n\t\t\t<div class=\"text\">\n\n<p>The Harelius family has been using the SCRIIN app and the activity tracker for more than three years.<\/p>\n\n\n\n<p>\u2013 The fact that we started with activity tracker made a big difference for our family, I would say. It really opened my eyes to everyday exercise.<\/p>\n\n<\/div>\n\n\t\t\t\n\t\t<\/div>\n\n\t\t<div class=\"mediaholder col-lg-6 col-md-12 order-1 order-lg-2 right\">\n\n\t\t\t<div class=\"imageholder\">\n\n\t\t\t\t<img decoding=\"async\" src=\"https:\/\/www.scriin.se\/wp-content\/uploads\/matare6.jpg\" \/>\n\n\t\t\t<\/div>\n\n\t\t<\/div>\n\n\t<\/div>\n\n<\/div>\n<\/div><\/div><\/div>\n<\/div><\/div><\/div>\n\n\n\n<div style=\"height:75px\" aria-hidden=\"true\" class=\"wp-block-spacer\"><\/div>\n\n\n\n<div style=\"height:100px\" aria-hidden=\"true\" class=\"wp-block-spacer\"><\/div>\n","protected":false},"excerpt":{"rendered":"","protected":false},"author":2,"featured_media":2113,"parent":1399,"menu_order":0,"comment_status":"closed","ping_status":"closed","template":"","meta":{"cybocfi_hide_featured_image":"yes","footnotes":""},"class_list":["post-2112","page","type-page","status-publish","has-post-thumbnail","hentry"],"acf":[],"yoast_head":"<!-- This site is optimized with the Yoast SEO plugin v20.12 - https:\/\/yoast.com\/wordpress\/plugins\/seo\/ -->\n<title>Activity Tracker - SCRIIN<\/title>\n<meta name=\"robots\" content=\"index, follow, max-snippet:-1, max-image-preview:large, max-video-preview:-1\" \/>\n<link rel=\"canonical\" href=\"https:\/\/www.scriin.se\/en\/family\/activity-tracker\/\" \/>\n<meta property=\"og:locale\" content=\"en_US\" \/>\n<meta property=\"og:type\" content=\"article\" \/>\n<meta property=\"og:title\" content=\"Activity Tracker - SCRIIN\" \/>\n<meta property=\"og:url\" content=\"https:\/\/www.scriin.se\/en\/family\/activity-tracker\/\" \/>\n<meta property=\"og:site_name\" content=\"SCRIIN\" \/>\n<meta property=\"article:modified_time\" content=\"2026-01-01T17:43:51+00:00\" \/>\n<meta property=\"og:image\" content=\"https:\/\/www.scriin.se\/wp-content\/uploads\/tracker-560x400-1.jpg\" \/>\n\t<meta property=\"og:image:width\" content=\"560\" \/>\n\t<meta property=\"og:image:height\" content=\"400\" \/>\n\t<meta property=\"og:image:type\" content=\"image\/jpeg\" \/>\n<meta name=\"twitter:card\" content=\"summary_large_image\" \/>\n<meta name=\"twitter:label1\" content=\"Est. reading time\" \/>\n\t<meta name=\"twitter:data1\" content=\"2 minutes\" \/>\n<script type=\"application\/ld+json\" class=\"yoast-schema-graph\">{\"@context\":\"https:\/\/schema.org\",\"@graph\":[{\"@type\":\"WebPage\",\"@id\":\"https:\/\/www.scriin.se\/en\/family\/activity-tracker\/\",\"url\":\"https:\/\/www.scriin.se\/en\/family\/activity-tracker\/\",\"name\":\"Activity Tracker - SCRIIN\",\"isPartOf\":{\"@id\":\"https:\/\/www.scriin.se\/#website\"},\"datePublished\":\"2022-11-01T07:40:50+00:00\",\"dateModified\":\"2026-01-01T17:43:51+00:00\",\"breadcrumb\":{\"@id\":\"https:\/\/www.scriin.se\/en\/family\/activity-tracker\/#breadcrumb\"},\"inLanguage\":\"en-US\",\"potentialAction\":[{\"@type\":\"ReadAction\",\"target\":[\"https:\/\/www.scriin.se\/en\/family\/activity-tracker\/\"]}]},{\"@type\":\"BreadcrumbList\",\"@id\":\"https:\/\/www.scriin.se\/en\/family\/activity-tracker\/#breadcrumb\",\"itemListElement\":[{\"@type\":\"ListItem\",\"position\":1,\"name\":\"Hem\",\"item\":\"https:\/\/www.scriin.se\/en\/\"},{\"@type\":\"ListItem\",\"position\":2,\"name\":\"Family\",\"item\":\"https:\/\/www.scriin.se\/en\/family\/\"},{\"@type\":\"ListItem\",\"position\":3,\"name\":\"Activity Tracker\"}]},{\"@type\":\"WebSite\",\"@id\":\"https:\/\/www.scriin.se\/#website\",\"url\":\"https:\/\/www.scriin.se\/\",\"name\":\"SCRIIN\",\"description\":\"Smart teknik f\u00f6r balans i v\u00e5r digitala v\u00e4rld\",\"potentialAction\":[{\"@type\":\"SearchAction\",\"target\":{\"@type\":\"EntryPoint\",\"urlTemplate\":\"https:\/\/www.scriin.se\/?s={search_term_string}\"},\"query-input\":\"required name=search_term_string\"}],\"inLanguage\":\"en-US\"}]}<\/script>\n<!-- \/ Yoast SEO plugin. -->","yoast_head_json":{"title":"Activity Tracker - SCRIIN","robots":{"index":"index","follow":"follow","max-snippet":"max-snippet:-1","max-image-preview":"max-image-preview:large","max-video-preview":"max-video-preview:-1"},"canonical":"https:\/\/www.scriin.se\/en\/family\/activity-tracker\/","og_locale":"en_US","og_type":"article","og_title":"Activity Tracker - SCRIIN","og_url":"https:\/\/www.scriin.se\/en\/family\/activity-tracker\/","og_site_name":"SCRIIN","article_modified_time":"2026-01-01T17:43:51+00:00","og_image":[{"width":560,"height":400,"url":"https:\/\/www.scriin.se\/wp-content\/uploads\/tracker-560x400-1.jpg","type":"image\/jpeg"}],"twitter_card":"summary_large_image","twitter_misc":{"Est. reading time":"2 minutes"},"schema":{"@context":"https:\/\/schema.org","@graph":[{"@type":"WebPage","@id":"https:\/\/www.scriin.se\/en\/family\/activity-tracker\/","url":"https:\/\/www.scriin.se\/en\/family\/activity-tracker\/","name":"Activity Tracker - SCRIIN","isPartOf":{"@id":"https:\/\/www.scriin.se\/#website"},"datePublished":"2022-11-01T07:40:50+00:00","dateModified":"2026-01-01T17:43:51+00:00","breadcrumb":{"@id":"https:\/\/www.scriin.se\/en\/family\/activity-tracker\/#breadcrumb"},"inLanguage":"en-US","potentialAction":[{"@type":"ReadAction","target":["https:\/\/www.scriin.se\/en\/family\/activity-tracker\/"]}]},{"@type":"BreadcrumbList","@id":"https:\/\/www.scriin.se\/en\/family\/activity-tracker\/#breadcrumb","itemListElement":[{"@type":"ListItem","position":1,"name":"Hem","item":"https:\/\/www.scriin.se\/en\/"},{"@type":"ListItem","position":2,"name":"Family","item":"https:\/\/www.scriin.se\/en\/family\/"},{"@type":"ListItem","position":3,"name":"Activity Tracker"}]},{"@type":"WebSite","@id":"https:\/\/www.scriin.se\/#website","url":"https:\/\/www.scriin.se\/","name":"SCRIIN","description":"Smart teknik f\u00f6r balans i v\u00e5r digitala v\u00e4rld","potentialAction":[{"@type":"SearchAction","target":{"@type":"EntryPoint","urlTemplate":"https:\/\/www.scriin.se\/?s={search_term_string}"},"query-input":"required name=search_term_string"}],"inLanguage":"en-US"}]}},"featured_image_src":"https:\/\/www.scriin.se\/wp-content\/uploads\/tracker-560x400-1.jpg","featured_image_src_square":"https:\/\/www.scriin.se\/wp-content\/uploads\/tracker-560x400-1.jpg","_links":{"self":[{"href":"https:\/\/www.scriin.se\/en\/wp-json\/wp\/v2\/pages\/2112","targetHints":{"allow":["GET"]}}],"collection":[{"href":"https:\/\/www.scriin.se\/en\/wp-json\/wp\/v2\/pages"}],"about":[{"href":"https:\/\/www.scriin.se\/en\/wp-json\/wp\/v2\/types\/page"}],"author":[{"embeddable":true,"href":"https:\/\/www.scriin.se\/en\/wp-json\/wp\/v2\/users\/2"}],"replies":[{"embeddable":true,"href":"https:\/\/www.scriin.se\/en\/wp-json\/wp\/v2\/comments?post=2112"}],"version-history":[{"count":4,"href":"https:\/\/www.scriin.se\/en\/wp-json\/wp\/v2\/pages\/2112\/revisions"}],"predecessor-version":[{"id":4571,"href":"https:\/\/www.scriin.se\/en\/wp-json\/wp\/v2\/pages\/2112\/revisions\/4571"}],"up":[{"embeddable":true,"href":"https:\/\/www.scriin.se\/en\/wp-json\/wp\/v2\/pages\/1399"}],"wp:featuredmedia":[{"embeddable":true,"href":"https:\/\/www.scriin.se\/en\/wp-json\/wp\/v2\/media\/2113"}],"wp:attachment":[{"href":"https:\/\/www.scriin.se\/en\/wp-json\/wp\/v2\/media?parent=2112"}],"curies":[{"name":"wp","href":"https:\/\/api.w.org\/{rel}","templated":true}]}}