{"id":2031,"date":"2022-10-27T11:21:46","date_gmt":"2022-10-27T09:21:46","guid":{"rendered":"https:\/\/www.scriin.se\/?page_id=2031"},"modified":"2025-01-05T21:27:35","modified_gmt":"2025-01-05T20:27:35","slug":"support","status":"publish","type":"page","link":"https:\/\/www.scriin.se\/en\/school\/support\/","title":{"rendered":"Support"},"content":{"rendered":"\n<div style=\"height:168px\" aria-hidden=\"true\" class=\"wp-block-spacer\"><\/div>\n\n\n\n<div class=\"wp-block-genesis-blocks-gb-container gb-block-container\"><div class=\"gb-container-inside\"><div class=\"gb-container-content\">\n<div class=\"wp-block-genesis-blocks-gb-container inner gb-block-container\"><div class=\"gb-container-inside\"><div class=\"gb-container-content\"><style id=\"sp_tab_dynamic_style2030\">#sp-wp-tabs-wrapper_2030 .sp-tab__nav {justify-content: start;}#sp-wp-tabs-wrapper_2030.sp-tab__lay-default.sp-tab__horizontal-bottom {display: flex;flex-direction: column-reverse;}#sp-wp-tabs-wrapper_2030.sp-tab__lay-default.sp-tab__horizontal-bottom > ul {border-top: 1px solid #dddddd;border-bottom: 0;margin-top: 0;}#sp-wp-tabs-wrapper_2030.sp-tab__lay-default.sp-tab__horizontal-bottom > ul > li label.sp-tab__active {border-color: transparent #dddddd#dddddd;margin-top: -1px;}#sp-wp-tabs-wrapper_2030.sp-tab__lay-default.sp-tab__horizontal-bottom > ul > li label,#sp-wp-tabs-wrapper_2030.sp-tab__lay-default.sp-tab__horizontal-bottom > ul > li a,#sp-wp-tabs-wrapper_2030.sp-tab__lay-default.sp-tab__horizontal-bottom > ul > .sp-tab__nav-item {border-top: 0;border-top-left-radius: 0;border-top-right-radius: 0;border-bottom-left-radius: 0px;border-bottom-right-radius: 0px;}#sp-wp-tabs-wrapper_2030.sp-tab__lay-default.sp-tab__horizontal-bottom > ul {border-bottom: none;}#sp-wp-tabs-wrapper_2030.sp-tab__lay-default.sp-tab__horizontal-bottom .sp-tab__tab-content .sp-tab__tab-pane {border-top: 1px solid #dddddd;border-bottom: 0;}#sp-wp-tabs-wrapper_2030.sp-tab__lay-default .sp-tab__tab-content .sp-tab-content > ul,#sp-wp-tabs-wrapper_2030.sp-tab__lay-default .sp-tab__tab-content .sp-tab-content > ol {border-bottom: none;}#sp-wp-tabs-wrapper_2030 > .sp-tab__nav-tabs > .sp-tab__nav-link.sp-tab__active .sp-tab__tab_title,#sp-wp-tabs-wrapper_2030.sp-tab__lay-default > label .sp-tab__card-header {color: #444;}#sp-wp-tabs-wrapper_2030 > .sp-tab__nav-tabs > .sp-tab__nav-item.show .sp-tab__nav-link,#sp-wp-tabs-wrapper_2030 > .sp-tab__nav-tabs > .sp-tab__nav-item .sp-tab__nav-link.sp-tab__active,#sp-wp-tabs-wrapper_2030.sp-tab__lay-default > label > .sp-tab__card-header {background-color: #fff;}#sp-wp-tabs-wrapper_2030 .sp-tab__nav-tabs .sp-tab__nav-item.show .sp-tab__nav-link,#sp-wp-tabs-wrapper_2030.sp-tab__lay-default ul li label.sp-tab__active {border-color: #dddddd#dddddd transparent;}#sp-wp-tabs-wrapper_2030.sp-tab__lay-default > ul > li > label,#sp-wp-tabs-wrapper_2030.sp-tab__lay-default > ul > li > a {cursor: pointer;border-color: #dddddd;padding-top: 15px;padding-right: 30px;padding-bottom: 15px;padding-left: 30px;}#sp-wp-tabs-wrapper_2030 > .sp-tab__nav-tabs .sp-tab__nav-link {border: 1px solid #dddddd;height: 100%;}#sp-wp-tabs-wrapper_2030.sp-tab__lay-default > ul > li label,#sp-wp-tabs-wrapper_2030.sp-tab__lay-default > ul > li a,#sp-wp-tabs-wrapper_2030.sp-tab__lay-default > ul > .sp-tab__nav-item {border-top-left-radius: 0px;border-top-right-radius: 0px;}#sp-wp-tabs-wrapper_2030 .sp-tab__nav-tabs .sp-tab__nav-item {margin-bottom: -1px; }#sp-wp-tabs-wrapper_2030.sp-tab__lay-default > ul .sp-tab__nav-item,#sp-wp-tabs-wrapper_2030.sp-tab__lay-default > label.collapsed .sp-tab__card-header {background-color: #f7f7f7;}#sp-wp-tabs-wrapper_2030.sp-tab__lay-default > ul .sp-tab__nav-item {margin-right: 0px;margin-top: 5px;}#sp-wp-tabs-wrapper_2030.sp-tab__lay-default > ul .sp-tab__nav-item:last-child {margin-right: 0;}#sp-wp-tabs-wrapper_2030.sp-tab__lay-default > ul .sp-tab__nav-item label:hover .sp-tab__tab_title,#sp-wp-tabs-wrapper_2030.sp-tab__lay-default > ul .sp-tab__nav-item a:hover .sp-tab__tab_title,#sp-wp-tabs-wrapper_2030.sp-tab__lay-default label.collapsed .sp-tab__card-header:hover {color: #444;transition: .3s;}#sp-wp-tabs-wrapper_2030.sp-tab__lay-default > ul .sp-tab__nav-item:hover,#sp-wp-tabs-wrapper_2030.sp-tab__lay-default > label.collapsed .sp-tab__card-header:hover {background-color: #fff;}#sp-wp-tabs-wrapper_2030.sp-tab__lay-default > .sp-tab__tab-content .sp-tab__tab-pane {border: 1px solid #dddddd;padding-top: 50px;padding-right: 50px;padding-bottom: 50px;padding-left: 50px;border-top: 0px;background-color: #ffffff;}#sp-wp-tabs-wrapper_2030.sp-tab__lay-default > ul {border-bottom: 1px solid #dddddd;}@media(max-width:480px) {#sp-wp-tabs-wrapper_2030.sp-tab__lay-default > ul li.sp-tab__nav-item {width: 100%;margin-right: 0px;}#sp-wp-tabs-wrapper_2030.sp-tab__lay-default > ul li.sp-tab__nav-item:last-child {margin-bottom: 1px;}}#poststuff h2.sp-tab__section_title_2030, h2.sp-tab__section_title_2030 ,.editor-styles-wrapper .wp-block h2.sp-tab__section_title_2030{margin-bottom: 30px !important;font-weight: 600;font-style: normal;font-size: 28px;line-height: 28px;letter-spacing: 0px;color: #444444;}#sp-wp-tabs-wrapper_2030.sp-tab__lay-default > ul .sp-tab__nav-item .sp-tab__tab_title,#sp-wp-tabs-wrapper_2030.sp-tab__lay-default > label.collapsed .sp-tab__card-header {font-weight: 600;font-style: normal;font-size: 16px;line-height: 22px;letter-spacing: 0px;color: #444;margin: 0px;}#sp-wp-tabs-wrapper_2030.sp-tab__lay-default > .sp-tab__tab-content .sp-tab__tab-pane {font-weight: 400;font-style: normal;font-size: 16px;line-height: 24px;letter-spacing: 0px;color: #444;}#sp-wp-tabs-wrapper_2030.sp-tab__lay-default > .sp-tab__tab-content .sp-tab__tab-pane ul li a, #sp-wp-tabs-wrapper_2030.sp-tab__lay-default .sp-tab__tab-content .sp-tab__tab-pane ol li a {color: #444;}<\/style>\t<h2 class=\"sp-tab__section_title_2030\"> Support<\/h2>\n\t\t\t<div id=\"sp-wp-tabs-wrapper_2030\" class=\"sp-tab__lay-default\" data-preloader=\"1\" data-activemode=\"tabs-activator-event-click\">\n\t\t\t\t<div class=\"sp-tab__preloader\">\n\t\t<div class=\"sp-tab__spinner\">\n\t\t\t<div class=\"rect1\"><\/div>\n\t\t\t<div class=\"rect2\"><\/div>\n\t\t\t<div class=\"rect3\"><\/div>\n\t\t\t<div class=\"rect4\"><\/div>\n\t\t\t<div class=\"rect5\"><\/div>\n\t\t<\/div>\n\t<\/div>\n\t<ul class=\"sp-tab__nav sp-tab__nav-tabs\" id=\"sp-tab__ul\" role=\"tablist\">\n\t\t\t\t<li class=\"sp-tab__nav-item\" role=\"navigation\">\n\t\t\t\t<label class=\"sp-tab__nav-link sp-tab__active\" data-sptoggle=\"tab\" for=\"#tab-20301\" role=\"tab\" aria-controls=tab-20301 aria-selected=false>\n\t\t\t\t\t<span class=\"tab_title_area\"><H4 class=\"sp-tab__tab_title\">SCRIIN Move<\/H4><\/span>\n\t\t\t\t<\/label>\n\t\t\t<\/li>\n\t\t\t\t\t\t<li class=\"sp-tab__nav-item\" role=\"navigation\">\n\t\t\t\t<label class=\"sp-tab__nav-link\" data-sptoggle=\"tab\" for=\"#tab-20302\" role=\"tab\" aria-controls=tab-20302 aria-selected=false>\n\t\t\t\t\t<span class=\"tab_title_area\"><H4 class=\"sp-tab__tab_title\">SCRIIN Balance app<\/H4><\/span>\n\t\t\t\t<\/label>\n\t\t\t<\/li>\n\t\t\t\t\t\t<li class=\"sp-tab__nav-item\" role=\"navigation\">\n\t\t\t\t<label class=\"sp-tab__nav-link\" data-sptoggle=\"tab\" for=\"#tab-20303\" role=\"tab\" aria-controls=tab-20303 aria-selected=false>\n\t\t\t\t\t<span class=\"tab_title_area\"><H4 class=\"sp-tab__tab_title\">SCRIIN Activity tracker<\/H4><\/span>\n\t\t\t\t<\/label>\n\t\t\t<\/li>\n\t\t\t<\/ul>\n<div class=\"sp-tab__tab-content\">\n\t\t\t\t<div id=\"tab-20301\" class=\"sp-tab__tab-pane sp-tab__show sp-tab__active\" role=\"tabpanel\">\n\t\t\t\t\t<div class=\"sp-tab-content\"><h3>Before you start<\/h3>\n<p>Informera g\u00e4rna v\u00e5rdnadshavare. Vi har tagit fram en infotext och en presentation som kan skickas till v\u00e5rdnadshavare eller l\u00e4ggas upp p\u00e5 er skolportal (se l\u00e4nk nedan)<\/p>\n<p><strong>N\u00e4r ni f\u00e5tt SCRIIN-paketet\u200b<\/strong><br \/>\nF\u00f6lj instruktionerna i manualen och\/eller titta p\u00e5 v\u00e5r instruktionsfilm.<\/p>\n<div class=\"supportvideo\">\n<div style=\"width: 640px;\" class=\"wp-video\"><video class=\"wp-video-shortcode\" id=\"video-2031-1\" width=\"640\" height=\"360\" preload=\"metadata\" controls=\"controls\"><source type=\"video\/mp4\" src=\"https:\/\/www.scriin.se\/wp-content\/uploads\/scriin_start.mp4?_=1\" \/><a href=\"https:\/\/www.scriin.se\/wp-content\/uploads\/scriin_start.mp4\">https:\/\/www.scriin.se\/wp-content\/uploads\/scriin_start.mp4<\/a><\/video><\/div>\n<\/div>\n<p><strong>Se statistik f\u00f6r elevernas fysiska aktivitet<\/strong><br \/>\nLogga in p\u00e5 <a href=\"https:\/\/school.scriin.com\">https:\/\/school.scriin.com<\/a><br \/>\nAnge ditt inloggningsnummer och den kod som du f\u00e5tt av oss.<\/p>\n<\/div>\n\t\t\t\t<\/div>\n\t\t\t\t\t\t\t\t<div id=\"tab-20302\" class=\"sp-tab__tab-pane \" role=\"tabpanel\">\n\t\t\t\t\t<div class=\"sp-tab-content\"><h3>Innan ni k\u00f6r ig\u00e5ng<\/h3>\n<ul>\n<li>Ladda ner och testa SCRIIN-appen sj\u00e4lv och med n\u00e5gra kollegor p\u00e5 skolan (se l\u00e4nkar till App Store och Google Play). Skapa en grupp \"inkognito\"-grupp som ni alla g\u00e5r med i (samma som ni sedan kommer skapa f\u00f6r eleverna).\u200b<\/li>\n<li>Informera g\u00e4rna v\u00e5rdnadshavare. Vi har tagit fram en presentation som kan skickas till v\u00e5rdnadshavare eller l\u00e4ggas upp p\u00e5 er skolportal.<\/li>\n<\/ul>\n<h3><strong>Fr\u00e5gor och svar<\/strong><\/h3>\n<p><strong>Hur m\u00e4ter appen fysisk aktivitet?<\/strong><br \/>\nSCRIIN anv\u00e4nder den inbyggda aktivitetsm\u00e4taren i din mobiltelefon eller en extern m\u00e4tare, till exempel SCRIIN-m\u00e4taren. F\u00f6r att SCRIIN-m\u00e4taren ska registrera en aktiv minut kr\u00e4vs att du r\u00f6r dig med minst m\u00e5ttlig intensitet under hela minuten. Exempel p\u00e5 m\u00e5ttlig intensitet \u00e4r rask promenad med 65 steg\/minut eller mer.<\/p>\n<p><strong>Hur m\u00e4ter appen sk\u00e4rmtid?<\/strong><br \/>\nAll tid som sk\u00e4rmen p\u00e5 din mobiltelefon \u00e4r t\u00e4nd och ol\u00e5st registreras som som sk\u00e4rmtid. Apple till\u00e5ter endast att appar f\u00e5r k\u00f6ra i bakgrunden n\u00e4r de har tillg\u00e5ng till platsinformation. F\u00f6r att SCRIIN-appen ska kunna registrera din sk\u00e4rmtid m\u00e5ste den k\u00f6ra bakgrunden, detta \u00e4r endast m\u00f6jligt om du godk\u00e4nner \"Till\u00e5t alltid\" f\u00f6r platstj\u00e4nster.<\/p>\n<p><strong>Vad betyder de olika ringarna?<\/strong><br \/>\nDen turkosa ringen \u00e4r pulsh\u00f6jande aktivitet \u2013 t.ex. en rask promenad, spela fotboll, dansa eller hoppa studsmatta. Den bl\u00e5 ringen visar all aktivitet oavsett intensitetsniv\u00e5.<br \/>\nDen lila ringen visar sk\u00e4rmtid, dvs tiden du anv\u00e4nder din mobil.<\/p>\n<p><strong>Kan SCRIIN-appen m\u00e4ta cykling?<\/strong><br \/>\nCykling \u00e4r sv\u00e5rt att m\u00e4ta med en klassisk aktivitetsm\u00e4tare. Om du har en SCRIIN-m\u00e4tare och s\u00e4tter fast den p\u00e5 foten f\u00e5r du viss aktivitet, ungef\u00e4r ett steg f\u00f6r varje tramptag.<\/p>\n<p><strong>Varf\u00f6r visas f\u00f6r lite sk\u00e4rmtid?<\/strong><br \/>\nDet beror troligen p\u00e5 att SCRIIN inte godk\u00e4nts vid installation att alltid ha tillg\u00e5ng till platsinformation. F\u00f6r att SCRIIN ska kunna registrera din sk\u00e4rmtid m\u00e5ste appen k\u00f6ra i bakgrunden, detta \u00e4r endast m\u00f6jligt om du godk\u00e4nner positionering.<\/p>\n<p><strong>Varf\u00f6r visas f\u00f6r mycket sk\u00e4rmtid?<\/strong><br \/>\nF\u00f6r att SCRIIN ska kunna m\u00e4ta sk\u00e4rmtid korrekt kr\u00e4vs att du har automatiskt sk\u00e4rml\u00e5s med kod aktiverat. Vissa appar h\u00e5ller ig\u00e5ng sk\u00e4rmen fast\u00e4n du man inte anv\u00e4nder mobilen. Om det h\u00e4nder ofta att din sk\u00e4rmtid \u00e4r f\u00f6r h\u00f6g, kontakta oss p\u00e5 skola@scriin.se s\u00e5 hj\u00e4lper vi dig att fels\u00f6ka.<\/p>\n<\/div>\n\t\t\t\t<\/div>\n\t\t\t\t\t\t\t\t<div id=\"tab-20303\" class=\"sp-tab__tab-pane \" role=\"tabpanel\">\n\t\t\t\t\t<div class=\"sp-tab-content\"><p><strong>Hur m\u00e4ter SCRIIN-m\u00e4taren fysisk aktivitet?<\/strong><br \/>\nSCRIIN-m\u00e4taren registrerar steg och ber\u00e4knar utifr\u00e5n det fysiskt aktiva minuter. F\u00f6r att en minut ska r\u00e4knas som aktiv m\u00e5ste SCRIIN-m\u00e4taren ha registrerat 65 steg eller mer under minuten.<\/p>\n<p><strong>Kan SCRIIN-m\u00e4taren m\u00e4ta cykling?<\/strong><br \/>\nCykling \u00e4r sv\u00e5rt att m\u00e4ta f\u00f6r alla aktivitetsm\u00e4tare som baseras p\u00e5 steg. Om du har SCRIIN-m\u00e4taren i fickan kommer du f\u00e5 ungef\u00e4r ett steg per tramptag.<\/p>\n<p><strong>M\u00e4ter SCRIIN-m\u00e4taren tr\u00e4ning p\u00e5 gymmet?<\/strong><br \/>\nDet beror p\u00e5 vad du g\u00f6r. G\u00e5r eller spingar du p\u00e5 l\u00f6pband kommer du f\u00e5 pulsh\u00f6jande aktivitet. Men om du tr\u00e4nar ren styrketr\u00e4ning med maskiner eller l\u00f6sa vikter (och inte tar s\u00e5 m\u00e5nga steg), kommer m\u00e4taren troligtvis inte registerea n\u00e5gon pulsh\u00f6jande aktivitet.<\/p>\n<p><strong>Kan man duscha och simma med SCRIIN-m\u00e4taren?<\/strong><br \/>\nNej, SCRIIN-m\u00e4taren \u00e4r vattent\u00e5lig men inte vattent\u00e4t.<\/p>\n<p><strong>Beh\u00f6ver SCRIIN-m\u00e4taren laddas?<\/strong><br \/>\nNej, m\u00e4taren har ett knappcellsbatteri som r\u00e4cker i ca 3 m\u00e5nader.<\/p>\n<p><strong>Hur skiljer sig SCRIIN-m\u00e4taren fr\u00e5n andra aktivitetsklockor och armband?<\/strong><br \/>\nRent generellt kan man s\u00e4ga att aktivitetsklockor, armband och stegr\u00e4knare skiljer sig ganska mycket \u2013 det visar m\u00e5nga oberoende tester och forskningsstudier. Hur mycket beror oftast p\u00e5 vilken aktivitet man g\u00f6r. Vid regelbunden aktivitet, att g\u00e5 en promenad i j\u00e4mn takt eller ta en joggingtur, ger de flesta stegr\u00e4knare ungef\u00e4r samma antal steg, det brukar inte skilja mer \u00e4n 20%.<br \/>\nMen vid andra typer av aktiviteter d\u00e4r armarna \u00e4r mer aktiva \u2013 t.ex om man diskar, st\u00e4dar, spelar pingis eller fixar med n\u00e5got \u2013 ger stegr\u00e4knare p\u00e5 handleden ofta f\u00f6r m\u00e5nga steg. P\u00e5 en dag kan det skilja upp till 100% mellan olika m\u00e4tare.<br \/>\nSCRIIN-m\u00e4taren \u00e4r testad mot den m\u00e4tare som anv\u00e4nds inom forskning som b\u00e4rs p\u00e5 h\u00f6ften och ger d\u00e4r likv\u00e4rdiga resultat vad g\u00e4ller antal steg.<\/p>\n<p><strong>Vad \u00e4r b\u00e4sta s\u00e4ttet att f\u00e5 m\u00e5nga steg och aktiva minuter med SCRIIN?<\/strong><br \/>\nSatsa p\u00e5 vardagsmotionen \u2013 ta en rask promenad varje dag!<\/p>\n<\/div>\n\t\t\t\t<\/div>\n\t\t\t\t<\/div>\n\t\t<\/div>\n\t\t\n<\/div><\/div><\/div>\n<\/div><\/div><\/div>\n\n\n\n<div style=\"height:100px\" aria-hidden=\"true\" class=\"wp-block-spacer\"><\/div>\n","protected":false},"excerpt":{"rendered":"","protected":false},"author":2,"featured_media":0,"parent":1375,"menu_order":0,"comment_status":"closed","ping_status":"closed","template":"","meta":{"cybocfi_hide_featured_image":"","footnotes":""},"class_list":["post-2031","page","type-page","status-publish","hentry"],"acf":[],"yoast_head":"<!-- This site is optimized with the Yoast SEO plugin v20.12 - https:\/\/yoast.com\/wordpress\/plugins\/seo\/ -->\n<title>Support - SCRIIN<\/title>\n<meta name=\"robots\" content=\"index, follow, max-snippet:-1, max-image-preview:large, max-video-preview:-1\" \/>\n<link rel=\"canonical\" href=\"https:\/\/www.scriin.se\/en\/school\/support\/\" \/>\n<meta property=\"og:locale\" content=\"en_US\" \/>\n<meta property=\"og:type\" content=\"article\" \/>\n<meta property=\"og:title\" content=\"Support - SCRIIN\" \/>\n<meta property=\"og:url\" content=\"https:\/\/www.scriin.se\/en\/school\/support\/\" \/>\n<meta property=\"og:site_name\" content=\"SCRIIN\" \/>\n<meta property=\"article:modified_time\" content=\"2025-01-05T20:27:35+00:00\" \/>\n<meta name=\"twitter:card\" content=\"summary_large_image\" \/>\n<meta name=\"twitter:label1\" content=\"Est. reading time\" \/>\n\t<meta name=\"twitter:data1\" content=\"1 minute\" \/>\n<script type=\"application\/ld+json\" class=\"yoast-schema-graph\">{\"@context\":\"https:\/\/schema.org\",\"@graph\":[{\"@type\":\"WebPage\",\"@id\":\"https:\/\/www.scriin.se\/en\/school\/support\/\",\"url\":\"https:\/\/www.scriin.se\/en\/school\/support\/\",\"name\":\"Support - SCRIIN\",\"isPartOf\":{\"@id\":\"https:\/\/www.scriin.se\/#website\"},\"datePublished\":\"2022-10-27T09:21:46+00:00\",\"dateModified\":\"2025-01-05T20:27:35+00:00\",\"breadcrumb\":{\"@id\":\"https:\/\/www.scriin.se\/en\/school\/support\/#breadcrumb\"},\"inLanguage\":\"en-US\",\"potentialAction\":[{\"@type\":\"ReadAction\",\"target\":[\"https:\/\/www.scriin.se\/en\/school\/support\/\"]}]},{\"@type\":\"BreadcrumbList\",\"@id\":\"https:\/\/www.scriin.se\/en\/school\/support\/#breadcrumb\",\"itemListElement\":[{\"@type\":\"ListItem\",\"position\":1,\"name\":\"Hem\",\"item\":\"https:\/\/www.scriin.se\/en\/\"},{\"@type\":\"ListItem\",\"position\":2,\"name\":\"School\",\"item\":\"https:\/\/www.scriin.se\/en\/school\/\"},{\"@type\":\"ListItem\",\"position\":3,\"name\":\"Support\"}]},{\"@type\":\"WebSite\",\"@id\":\"https:\/\/www.scriin.se\/#website\",\"url\":\"https:\/\/www.scriin.se\/\",\"name\":\"SCRIIN\",\"description\":\"Smart teknik f\u00f6r balans i v\u00e5r digitala v\u00e4rld\",\"potentialAction\":[{\"@type\":\"SearchAction\",\"target\":{\"@type\":\"EntryPoint\",\"urlTemplate\":\"https:\/\/www.scriin.se\/?s={search_term_string}\"},\"query-input\":\"required name=search_term_string\"}],\"inLanguage\":\"en-US\"}]}<\/script>\n<!-- \/ Yoast SEO plugin. -->","yoast_head_json":{"title":"Support - SCRIIN","robots":{"index":"index","follow":"follow","max-snippet":"max-snippet:-1","max-image-preview":"max-image-preview:large","max-video-preview":"max-video-preview:-1"},"canonical":"https:\/\/www.scriin.se\/en\/school\/support\/","og_locale":"en_US","og_type":"article","og_title":"Support - SCRIIN","og_url":"https:\/\/www.scriin.se\/en\/school\/support\/","og_site_name":"SCRIIN","article_modified_time":"2025-01-05T20:27:35+00:00","twitter_card":"summary_large_image","twitter_misc":{"Est. reading time":"1 minute"},"schema":{"@context":"https:\/\/schema.org","@graph":[{"@type":"WebPage","@id":"https:\/\/www.scriin.se\/en\/school\/support\/","url":"https:\/\/www.scriin.se\/en\/school\/support\/","name":"Support - SCRIIN","isPartOf":{"@id":"https:\/\/www.scriin.se\/#website"},"datePublished":"2022-10-27T09:21:46+00:00","dateModified":"2025-01-05T20:27:35+00:00","breadcrumb":{"@id":"https:\/\/www.scriin.se\/en\/school\/support\/#breadcrumb"},"inLanguage":"en-US","potentialAction":[{"@type":"ReadAction","target":["https:\/\/www.scriin.se\/en\/school\/support\/"]}]},{"@type":"BreadcrumbList","@id":"https:\/\/www.scriin.se\/en\/school\/support\/#breadcrumb","itemListElement":[{"@type":"ListItem","position":1,"name":"Hem","item":"https:\/\/www.scriin.se\/en\/"},{"@type":"ListItem","position":2,"name":"School","item":"https:\/\/www.scriin.se\/en\/school\/"},{"@type":"ListItem","position":3,"name":"Support"}]},{"@type":"WebSite","@id":"https:\/\/www.scriin.se\/#website","url":"https:\/\/www.scriin.se\/","name":"SCRIIN","description":"Smart teknik f\u00f6r balans i v\u00e5r digitala v\u00e4rld","potentialAction":[{"@type":"SearchAction","target":{"@type":"EntryPoint","urlTemplate":"https:\/\/www.scriin.se\/?s={search_term_string}"},"query-input":"required name=search_term_string"}],"inLanguage":"en-US"}]}},"featured_image_src":null,"featured_image_src_square":null,"_links":{"self":[{"href":"https:\/\/www.scriin.se\/en\/wp-json\/wp\/v2\/pages\/2031","targetHints":{"allow":["GET"]}}],"collection":[{"href":"https:\/\/www.scriin.se\/en\/wp-json\/wp\/v2\/pages"}],"about":[{"href":"https:\/\/www.scriin.se\/en\/wp-json\/wp\/v2\/types\/page"}],"author":[{"embeddable":true,"href":"https:\/\/www.scriin.se\/en\/wp-json\/wp\/v2\/users\/2"}],"replies":[{"embeddable":true,"href":"https:\/\/www.scriin.se\/en\/wp-json\/wp\/v2\/comments?post=2031"}],"version-history":[{"count":5,"href":"https:\/\/www.scriin.se\/en\/wp-json\/wp\/v2\/pages\/2031\/revisions"}],"predecessor-version":[{"id":3744,"href":"https:\/\/www.scriin.se\/en\/wp-json\/wp\/v2\/pages\/2031\/revisions\/3744"}],"up":[{"embeddable":true,"href":"https:\/\/www.scriin.se\/en\/wp-json\/wp\/v2\/pages\/1375"}],"wp:attachment":[{"href":"https:\/\/www.scriin.se\/en\/wp-json\/wp\/v2\/media?parent=2031"}],"curies":[{"name":"wp","href":"https:\/\/api.w.org\/{rel}","templated":true}]}}