{"id":1842,"date":"2022-09-19T07:33:04","date_gmt":"2022-09-19T05:33:04","guid":{"rendered":"https:\/\/www.scriin.se\/?page_id=1842"},"modified":"2025-10-20T11:07:56","modified_gmt":"2025-10-20T09:07:56","slug":"startsida","status":"publish","type":"page","link":"https:\/\/www.scriin.se\/en\/","title":{"rendered":"Startsida"},"content":{"rendered":"<div class=\"videohero\">\n\n\n\t<div class=\"jumbo\" id=\"jumbo\">\n\n\t\t<div class=\"videoholder\">\n\n\t\t\t<video loop muted autoplay>\n\t\t\t\t<source src=\"https:\/\/www.scriin.se\/wp-content\/uploads\/video-1.mp4\" type=\"video\/mp4\">\n\t\t\t<\/video>\n\n\t\t\t<div class=\"maintext\">\n\n\t\t\t\t\n\n<h1 class=\"wp-block-heading\">Balance screen time and physical activity<\/h1>\n\n\n\t\t\t<\/div>\n\n\t\t<\/div>\n\n\t\t<div class=\"imageholder\" style=\"background-image: url('https:\/\/www.scriin.se\/wp-content\/uploads\/start-mobil.jpg');\">\n\n\t\t\t<div class=\"maintext\">\n\n\t\t\t\t\n\n<h1 class=\"wp-block-heading\">Balance screen time and physical activity<\/h1>\n\n\n\t\t\t<\/div>\n\n\t\t<\/div>\n\n\t<\/div>\n\n\n<\/div>\n\n\n\n<div style=\"height:100px\" aria-hidden=\"true\" class=\"wp-block-spacer\"><\/div>\n\n\n\n<div class=\"wp-block-genesis-blocks-gb-container gb-block-container\"><div class=\"gb-container-inside\"><div class=\"gb-container-content\">\n<div class=\"wp-block-genesis-blocks-gb-container inner narrow gb-block-container\"><div class=\"gb-container-inside\"><div class=\"gb-container-content\">\n<h2 class=\"wp-block-heading has-text-align-center\">Our vision is a digital world where every child grows up healthy<\/h2>\n\n\n\n<p><strong>ACCORDING TO WHO, ONLY 15 PERCENT<\/strong>&nbsp;of our children and young people are physically active enough. We at SCRIIN want everyone to be healthy.<\/p>\n\n\n\n<p>SCRIIN develops smart technology for schools, families and companies that encourages daily physical activity and healthy digital habits. We collaborate with researchers and build systems that collect large amounts of movement data. We find the balance between the digital society and the body&#8217;s basic needs &#8211; and we hope you&#8217;re on the train.<\/p>\n<\/div><\/div><\/div>\n<\/div><\/div><\/div>\n\n\n\n<div style=\"height:75px\" aria-hidden=\"true\" class=\"wp-block-spacer\"><\/div>\n\n\n\n<div class=\"wp-block-genesis-blocks-gb-container shade gb-block-container\"><div class=\"gb-container-inside\"><div class=\"gb-container-content\">\n<div class=\"wp-block-genesis-blocks-gb-container inner gb-block-container\"><div class=\"gb-container-inside\"><div class=\"gb-container-content\"><? $Class= block_field( 'className', false ); ?>\n\n<div class=\"boxsection \">\n\n\t<div class=\"row\">\n\n\t\t<div class=\"content col-lg-6 col-md-12 order-2 order-lg-1 right\">\n\n\t\t\t\n\t\t\t\t\t\t\t\t\t<h2>SCRIIN School<\/h2>\n\t\t\t\t\n\t\t\t\n\t\t\t<div class=\"text\">\n\n<p>A tool for schools that want to work systematically to increase physical activity during the school day. It&#8217;s based on the SCRIIN activity tracker. Use SCRIIN Move as a measurement tool to and to motivate your students to achieve WHO&#8217;s recommendations.<\/p>\n\n<\/div>\n\n\t\t\t\t\t\t\t<a href=\"\/en\/school\"><button class=\"green\">Learn more<\/button><\/a>\n\t\t\t\n\t\t<\/div>\n\n\t\t<div class=\"mediaholder col-lg-6 col-md-12 order-1 order-lg-2 right\">\n\n\t\t\t<div class=\"imageholder\">\n\n\t\t\t\t<img decoding=\"async\" src=\"https:\/\/www.scriin.se\/wp-content\/uploads\/scriin-skola-1.jpeg\" \/>\n\n\t\t\t<\/div>\n\n\t\t<\/div>\n\n\t<\/div>\n\n<\/div>\n<\/div><\/div><\/div>\n<\/div><\/div><\/div>\n\n\n\n<div style=\"height:75px\" aria-hidden=\"true\" class=\"wp-block-spacer\"><\/div>\n\n\n\n<div class=\"wp-block-genesis-blocks-gb-container gb-block-container\"><div class=\"gb-container-inside\"><div class=\"gb-container-content\">\n<div class=\"wp-block-genesis-blocks-gb-container inner gb-block-container\"><div class=\"gb-container-inside\"><div class=\"gb-container-content\"><? $Class= block_field( 'className', false ); ?>\n\n<div class=\"boxsection \">\n\n\t<div class=\"row\">\n\n\t\t<div class=\"content col-lg-6 col-md-12 order-2 order-lg-2 left\">\n\n\t\t\t\n\t\t\t\t\t\t\t\t\t<h2>SCRIIN Family<\/h2>\n\t\t\t\t\n\t\t\t\n\t\t\t<div class=\"text\">\n\n<p>The SCRIIN \u200b\u200bapp inspires the whole family to balance screen time and physical activity.<\/p>\n\n\n\n<p>Encourage each other to leave the sofa and skip the screen. Create fun challenges &#8211; for example, walk 100,000 steps together and celebrate with a nice reward when you reach your goal.<\/p>\n\n<\/div>\n\n\t\t\t\t\t\t\t<a href=\"\/en\/family\"><button class=\"green\">Learn more<\/button><\/a>\n\t\t\t\n\t\t<\/div>\n\n\t\t<div class=\"mediaholder col-lg-6 col-md-12 order-1 order-lg-1 left\">\n\n\t\t\t<div class=\"imageholder\">\n\n\t\t\t\t<img decoding=\"async\" src=\"https:\/\/www.scriin.se\/wp-content\/uploads\/balans.png\" \/>\n\n\t\t\t<\/div>\n\n\t\t<\/div>\n\n\t<\/div>\n\n<\/div>\n<\/div><\/div><\/div>\n<\/div><\/div><\/div>\n\n\n\n<div style=\"height:75px\" aria-hidden=\"true\" class=\"wp-block-spacer\"><\/div>\n\n\n\n<div class=\"wp-block-genesis-blocks-gb-container shade gb-block-container\"><div class=\"gb-container-inside\"><div class=\"gb-container-content\">\n<div class=\"wp-block-genesis-blocks-gb-container inner gb-block-container\"><div class=\"gb-container-inside\"><div class=\"gb-container-content\"><? $Class= block_field( 'className', false ); ?>\n\n<div class=\"boxsection \">\n\n\t<div class=\"row\">\n\n\t\t<div class=\"content col-lg-6 col-md-12 order-2 order-lg-1 right\">\n\n\t\t\t\n\t\t\t\t\t\t\t\t\t<h2>SCRIIN Research<\/h2>\n\t\t\t\t\n\t\t\t\n\t\t\t<div class=\"text\">\n\n<p>Are you a researcher with in physical activity? Do you want to collect large amounts of data cost-efficiently?  SCRIIN&#8217;s activity tracker and och app is designed for research projects, especially for collecting data in large population studies.<\/p>\n\n<\/div>\n\n\t\t\t\t\t\t\t<a href=\"\/en\/research\"><button class=\"green\">Learn more<\/button><\/a>\n\t\t\t\n\t\t<\/div>\n\n\t\t<div class=\"mediaholder col-lg-6 col-md-12 order-1 order-lg-2 right\">\n\n\t\t\t<div class=\"imageholder\">\n\n\t\t\t\t<img decoding=\"async\" src=\"https:\/\/www.scriin.se\/wp-content\/uploads\/forskning.png\" \/>\n\n\t\t\t<\/div>\n\n\t\t<\/div>\n\n\t<\/div>\n\n<\/div>\n<\/div><\/div><\/div>\n<\/div><\/div><\/div>\n\n\n\n<div style=\"height:75px\" aria-hidden=\"true\" class=\"wp-block-spacer\"><\/div>\n\n\n\n<h2 class=\"wp-block-heading has-text-align-center\">References<\/h2>\n\n\n\n<div class=\"wp-block-genesis-blocks-gb-container gb-block-container\"><div class=\"gb-container-inside\"><div class=\"gb-container-content\">\n<div class=\"wp-block-genesis-blocks-gb-container inner gb-block-container\"><div class=\"gb-container-inside\"><div class=\"gb-container-content\">\n<div class=\"wp-block-columns is-layout-flex wp-container-core-columns-is-layout-9d6595d7 wp-block-columns-is-layout-flex\">\n<div class=\"wp-block-column is-layout-flow wp-block-column-is-layout-flow\">\n<figure class=\"wp-block-image size-full\"><img loading=\"lazy\" decoding=\"async\" width=\"362\" height=\"254\" src=\"https:\/\/www.scriin.se\/wp-content\/uploads\/ulrika.jpg\" alt=\"\" class=\"wp-image-809\" srcset=\"https:\/\/www.scriin.se\/wp-content\/uploads\/ulrika.jpg 362w, https:\/\/www.scriin.se\/wp-content\/uploads\/ulrika-300x210.jpg 300w\" sizes=\"auto, (max-width: 362px) 100vw, 362px\" \/><\/figure>\n\n\n\n<p>The municipality of Stockholms use SCRIIN to increase physical activity in thier 150 public schools.<\/p>\n<\/div>\n\n\n\n<div class=\"wp-block-column is-layout-flow wp-block-column-is-layout-flow\">\n<figure class=\"wp-block-image size-full\"><img loading=\"lazy\" decoding=\"async\" width=\"800\" height=\"562\" src=\"https:\/\/www.scriin.se\/wp-content\/uploads\/familjen-harelius.jpg\" alt=\"\" class=\"wp-image-721\" srcset=\"https:\/\/www.scriin.se\/wp-content\/uploads\/familjen-harelius.jpg 800w, https:\/\/www.scriin.se\/wp-content\/uploads\/familjen-harelius-300x211.jpg 300w, https:\/\/www.scriin.se\/wp-content\/uploads\/familjen-harelius-768x540.jpg 768w\" sizes=\"auto, (max-width: 800px) 100vw, 800px\" \/><\/figure>\n\n\n\n<p>The Harelius family uses SCRIIN app and activity tracker to balance screen time  and physical activity.<\/p>\n<\/div>\n\n\n\n<div class=\"wp-block-column is-layout-flow wp-block-column-is-layout-flow\">\n<figure class=\"wp-block-image size-full\"><img loading=\"lazy\" decoding=\"async\" width=\"453\" height=\"317\" src=\"https:\/\/www.scriin.se\/wp-content\/uploads\/pp2.jpg\" alt=\"\" class=\"wp-image-1169\" srcset=\"https:\/\/www.scriin.se\/wp-content\/uploads\/pp2.jpg 453w, https:\/\/www.scriin.se\/wp-content\/uploads\/pp2-300x210.jpg 300w\" sizes=\"auto, (max-width: 453px) 100vw, 453px\" \/><\/figure>\n\n\n\n<p>In 2019, researchers at Karolinska Institutet conducted a study on how SCRIIN \u200b\u200bcontributes to a balance between screen time and physical activity at school.<\/p>\n<\/div>\n<\/div>\n<\/div><\/div><\/div>\n<\/div><\/div><\/div>\n\n\n\n<div style=\"height:100px\" aria-hidden=\"true\" class=\"wp-block-spacer\"><\/div>\n","protected":false},"excerpt":{"rendered":"<p>References<\/p>\n","protected":false},"author":1,"featured_media":1838,"parent":0,"menu_order":0,"comment_status":"closed","ping_status":"closed","template":"","meta":{"cybocfi_hide_featured_image":"yes","footnotes":""},"class_list":["post-1842","page","type-page","status-publish","has-post-thumbnail","hentry"],"acf":[],"yoast_head":"<!-- This site is optimized with the Yoast SEO plugin v20.12 - https:\/\/yoast.com\/wordpress\/plugins\/seo\/ -->\n<title>SCRIIN - balance screen time and physical activity<\/title>\n<meta name=\"description\" content=\"SCRIIN develops smart technology for schools, families and companies that encourages daily physical activity and healthy digital habits.\" \/>\n<meta name=\"robots\" content=\"index, follow, max-snippet:-1, max-image-preview:large, max-video-preview:-1\" \/>\n<link rel=\"canonical\" href=\"https:\/\/www.scriin.se\/en\/\" \/>\n<meta property=\"og:locale\" content=\"en_US\" \/>\n<meta property=\"og:type\" content=\"article\" \/>\n<meta property=\"og:title\" content=\"SCRIIN - balance screen time and physical activity\" \/>\n<meta property=\"og:description\" content=\"SCRIIN develops smart technology for schools, families and companies that encourages daily physical activity and healthy digital habits.\" \/>\n<meta property=\"og:url\" content=\"https:\/\/www.scriin.se\/en\/\" \/>\n<meta property=\"og:site_name\" content=\"SCRIIN\" \/>\n<meta property=\"article:modified_time\" content=\"2025-10-20T09:07:56+00:00\" \/>\n<meta property=\"og:image\" content=\"https:\/\/www.scriin.se\/wp-content\/uploads\/scriin-main-fb.jpg\" \/>\n\t<meta property=\"og:image:width\" content=\"1200\" \/>\n\t<meta property=\"og:image:height\" content=\"630\" \/>\n\t<meta property=\"og:image:type\" content=\"image\/jpeg\" \/>\n<meta name=\"twitter:card\" content=\"summary_large_image\" \/>\n<meta name=\"twitter:title\" content=\"SCRIIN - balance screen time and physical activity\" \/>\n<meta name=\"twitter:description\" content=\"SCRIIN develops smart technology for schools, families and companies that encourages daily physical activity and healthy digital habits.\" \/>\n<meta name=\"twitter:image\" content=\"https:\/\/www.scriin.se\/wp-content\/uploads\/scriin-main-fb.jpg\" \/>\n<meta name=\"twitter:label1\" content=\"Est. reading time\" \/>\n\t<meta name=\"twitter:data1\" content=\"2 minutes\" \/>\n<script type=\"application\/ld+json\" class=\"yoast-schema-graph\">{\"@context\":\"https:\/\/schema.org\",\"@graph\":[{\"@type\":\"WebPage\",\"@id\":\"https:\/\/www.scriin.se\/en\/\",\"url\":\"https:\/\/www.scriin.se\/en\/\",\"name\":\"SCRIIN - balance screen time and physical activity\",\"isPartOf\":{\"@id\":\"https:\/\/www.scriin.se\/#website\"},\"datePublished\":\"2022-09-19T05:33:04+00:00\",\"dateModified\":\"2025-10-20T09:07:56+00:00\",\"description\":\"SCRIIN develops smart technology for schools, families and companies that encourages daily physical activity and healthy digital habits.\",\"breadcrumb\":{\"@id\":\"https:\/\/www.scriin.se\/en\/#breadcrumb\"},\"inLanguage\":\"en-US\",\"potentialAction\":[{\"@type\":\"ReadAction\",\"target\":[\"https:\/\/www.scriin.se\/en\/\"]}]},{\"@type\":\"BreadcrumbList\",\"@id\":\"https:\/\/www.scriin.se\/en\/#breadcrumb\",\"itemListElement\":[{\"@type\":\"ListItem\",\"position\":1,\"name\":\"Hem\",\"item\":\"https:\/\/www.scriin.se\/en\/\"},{\"@type\":\"ListItem\",\"position\":2,\"name\":\"Startsida\"}]},{\"@type\":\"WebSite\",\"@id\":\"https:\/\/www.scriin.se\/#website\",\"url\":\"https:\/\/www.scriin.se\/\",\"name\":\"SCRIIN\",\"description\":\"Smart teknik f\u00f6r balans i v\u00e5r digitala v\u00e4rld\",\"potentialAction\":[{\"@type\":\"SearchAction\",\"target\":{\"@type\":\"EntryPoint\",\"urlTemplate\":\"https:\/\/www.scriin.se\/?s={search_term_string}\"},\"query-input\":\"required name=search_term_string\"}],\"inLanguage\":\"en-US\"}]}<\/script>\n<!-- \/ Yoast SEO plugin. -->","yoast_head_json":{"title":"SCRIIN - balance screen time and physical activity","description":"SCRIIN develops smart technology for schools, families and companies that encourages daily physical activity and healthy digital habits.","robots":{"index":"index","follow":"follow","max-snippet":"max-snippet:-1","max-image-preview":"max-image-preview:large","max-video-preview":"max-video-preview:-1"},"canonical":"https:\/\/www.scriin.se\/en\/","og_locale":"en_US","og_type":"article","og_title":"SCRIIN - balance screen time and physical activity","og_description":"SCRIIN develops smart technology for schools, families and companies that encourages daily physical activity and healthy digital habits.","og_url":"https:\/\/www.scriin.se\/en\/","og_site_name":"SCRIIN","article_modified_time":"2025-10-20T09:07:56+00:00","og_image":[{"width":1200,"height":630,"url":"https:\/\/www.scriin.se\/wp-content\/uploads\/scriin-main-fb.jpg","type":"image\/jpeg"}],"twitter_card":"summary_large_image","twitter_title":"SCRIIN - balance screen time and physical activity","twitter_description":"SCRIIN develops smart technology for schools, families and companies that encourages daily physical activity and healthy digital habits.","twitter_image":"https:\/\/www.scriin.se\/wp-content\/uploads\/scriin-main-fb.jpg","twitter_misc":{"Est. reading time":"2 minutes"},"schema":{"@context":"https:\/\/schema.org","@graph":[{"@type":"WebPage","@id":"https:\/\/www.scriin.se\/en\/","url":"https:\/\/www.scriin.se\/en\/","name":"SCRIIN - balance screen time and physical activity","isPartOf":{"@id":"https:\/\/www.scriin.se\/#website"},"datePublished":"2022-09-19T05:33:04+00:00","dateModified":"2025-10-20T09:07:56+00:00","description":"SCRIIN develops smart technology for schools, families and companies that encourages daily physical activity and healthy digital habits.","breadcrumb":{"@id":"https:\/\/www.scriin.se\/en\/#breadcrumb"},"inLanguage":"en-US","potentialAction":[{"@type":"ReadAction","target":["https:\/\/www.scriin.se\/en\/"]}]},{"@type":"BreadcrumbList","@id":"https:\/\/www.scriin.se\/en\/#breadcrumb","itemListElement":[{"@type":"ListItem","position":1,"name":"Hem","item":"https:\/\/www.scriin.se\/en\/"},{"@type":"ListItem","position":2,"name":"Startsida"}]},{"@type":"WebSite","@id":"https:\/\/www.scriin.se\/#website","url":"https:\/\/www.scriin.se\/","name":"SCRIIN","description":"Smart teknik f\u00f6r balans i v\u00e5r digitala v\u00e4rld","potentialAction":[{"@type":"SearchAction","target":{"@type":"EntryPoint","urlTemplate":"https:\/\/www.scriin.se\/?s={search_term_string}"},"query-input":"required name=search_term_string"}],"inLanguage":"en-US"}]}},"featured_image_src":"https:\/\/www.scriin.se\/wp-content\/uploads\/scriin-main-fb-600x400.jpg","featured_image_src_square":"https:\/\/www.scriin.se\/wp-content\/uploads\/scriin-main-fb-600x600.jpg","_links":{"self":[{"href":"https:\/\/www.scriin.se\/en\/wp-json\/wp\/v2\/pages\/1842","targetHints":{"allow":["GET"]}}],"collection":[{"href":"https:\/\/www.scriin.se\/en\/wp-json\/wp\/v2\/pages"}],"about":[{"href":"https:\/\/www.scriin.se\/en\/wp-json\/wp\/v2\/types\/page"}],"author":[{"embeddable":true,"href":"https:\/\/www.scriin.se\/en\/wp-json\/wp\/v2\/users\/1"}],"replies":[{"embeddable":true,"href":"https:\/\/www.scriin.se\/en\/wp-json\/wp\/v2\/comments?post=1842"}],"version-history":[{"count":16,"href":"https:\/\/www.scriin.se\/en\/wp-json\/wp\/v2\/pages\/1842\/revisions"}],"predecessor-version":[{"id":4437,"href":"https:\/\/www.scriin.se\/en\/wp-json\/wp\/v2\/pages\/1842\/revisions\/4437"}],"wp:featuredmedia":[{"embeddable":true,"href":"https:\/\/www.scriin.se\/en\/wp-json\/wp\/v2\/media\/1838"}],"wp:attachment":[{"href":"https:\/\/www.scriin.se\/en\/wp-json\/wp\/v2\/media?parent=1842"}],"curies":[{"name":"wp","href":"https:\/\/api.w.org\/{rel}","templated":true}]}}