{"id":1375,"date":"2022-09-19T07:33:23","date_gmt":"2022-09-19T05:33:23","guid":{"rendered":"https:\/\/www.scriin.se\/?page_id=1375"},"modified":"2023-10-13T08:47:50","modified_gmt":"2023-10-13T06:47:50","slug":"school","status":"publish","type":"page","link":"https:\/\/www.scriin.se\/en\/school\/","title":{"rendered":"School"},"content":{"rendered":"<div class=\"imagehero fullheight\">\n\n\t<div class=\"jumbo\" style=\"background-image: url('https:\/\/www.scriin.se\/wp-content\/uploads\/2130435279.jpg')\">\n\n\t\t<div class=\"maintext\">\n\n\t\t\t\n\n<h1 class=\"wp-block-heading\">Smart technology to activate kids at school<\/h1>\n\n\n\t\t<\/div>\n\n\t<\/div>\n\n<\/div>\n\n\n\n<div class=\"wp-block-genesis-blocks-gb-container section narrow gb-block-container\"><div class=\"gb-container-inside\"><div class=\"gb-container-content\">\n<h2 class=\"wp-block-heading has-text-align-center\">Inspire your student to achieve WHO&#8217;s activity goal<\/h2>\n\n\n\n<p>We at SCRIIN \u200b\u200bwant the young generation to be healthy in our digital world. Our vision is that all children should achieve the WHO&#8217;s activity goals and find the balance between screen time and physical activity. We develop smart technology that provides insight and encouragement on the road. Over 250 schools use SCRIIN \u200b\u200b- does your school want to join the movement?<\/p>\n<\/div><\/div><\/div>\n\n\n\n<div class=\"wp-block-genesis-blocks-gb-container gb-block-container\"><div class=\"gb-container-inside\"><div class=\"gb-container-content\">\n<div class=\"wp-block-genesis-blocks-gb-container inner gb-block-container\"><div class=\"gb-container-inside\"><div class=\"gb-container-content\"><? $Class= block_field( 'className', false ); ?>\n\n<div class=\"boxsection \">\n\n\t<div class=\"row\">\n\n\t\t<div class=\"content col-lg-6 col-md-12 order-2 order-lg-1 right\">\n\n\t\t\t\n\t\t\t\t\t\t\t\t\t<h2>SCRIIN Move<\/h2>\n\t\t\t\t\n\t\t\t\n\t\t\t<div class=\"text\">\n\n<p>SCRIIN Move is a tool for schools that want to work systematically to increase physical activity during the school day. It&#8217;s based on the SCRIIN activity tracker. Use SCRIIN Move as a measurement tool to and to motivate your students to achieve WHO&#8217;s recommendations.<\/p>\n\n<\/div>\n\n\t\t\t\n\t\t<\/div>\n\n\t\t<div class=\"mediaholder col-lg-6 col-md-12 order-1 order-lg-2 right\">\n\n\t\t\t<div class=\"imageholder\">\n\n\t\t\t\t<img decoding=\"async\" src=\"https:\/\/www.scriin.se\/wp-content\/uploads\/rorelsematning.jpg\" \/>\n\n\t\t\t<\/div>\n\n\t\t<\/div>\n\n\t<\/div>\n\n<\/div>\n<\/div><\/div><\/div>\n<\/div><\/div><\/div>\n\n\n\n<div style=\"height:75px\" aria-hidden=\"true\" class=\"wp-block-spacer\"><\/div>\n\n\n\n<div class=\"wp-block-genesis-blocks-gb-container shade gb-block-container\"><div class=\"gb-container-inside\"><div class=\"gb-container-content\">\n<div class=\"wp-block-genesis-blocks-gb-container inner gb-block-container\"><div class=\"gb-container-inside\"><div class=\"gb-container-content\"><? $Class= block_field( 'className', false ); ?>\n\n<div class=\"boxsection \">\n\n\t<div class=\"row\">\n\n\t\t<div class=\"content col-lg-6 col-md-12 order-2 order-lg-2 left\">\n\n\t\t\t\n\t\t\t\t\t\t\t\t\t<h2>SCRIIN Balance<\/h2>\n\t\t\t\t\n\t\t\t\n\t\t\t<div class=\"text\">\n\n<p><strong>SCRIIN Balance&nbsp;<\/strong>helps students find a healthy balance between screen time and physical activity. It&#8217;s based on the&nbsp; SCRIIN app that tracks the number of steps, active minutes and the screen time. It come with a reporting tool and an the SCRIIN activity tracker (optional).<\/p>\n\n<\/div>\n\n\t\t\t\n\t\t<\/div>\n\n\t\t<div class=\"mediaholder col-lg-6 col-md-12 order-1 order-lg-1 left\">\n\n\t\t\t<div class=\"imageholder\">\n\n\t\t\t\t<img decoding=\"async\" src=\"https:\/\/www.scriin.se\/wp-content\/uploads\/balans.png\" \/>\n\n\t\t\t<\/div>\n\n\t\t<\/div>\n\n\t<\/div>\n\n<\/div>\n<\/div><\/div><\/div>\n<\/div><\/div><\/div>\n\n\n\n<div style=\"height:75px\" aria-hidden=\"true\" class=\"wp-block-spacer\"><\/div>\n\n\n<div class=\"cta full mh70\" style=\"background-image: url('https:\/\/www.scriin.se\/wp-content\/uploads\/SS4-2.jpg');\">\n\n\t<div class=\"content\">\n\n\t\t<div class=\"ctatext\">\n\t\t\tChildren need at least 60 minutes of daily physical activity\t\t<\/div>\n\n\t<\/div>\n\n<\/div>\n","protected":false},"excerpt":{"rendered":"","protected":false},"author":1,"featured_media":2317,"parent":0,"menu_order":0,"comment_status":"closed","ping_status":"closed","template":"","meta":{"cybocfi_hide_featured_image":"yes","footnotes":""},"class_list":["post-1375","page","type-page","status-publish","has-post-thumbnail","hentry"],"acf":[],"yoast_head":"<!-- This site is optimized with the Yoast SEO plugin v20.12 - https:\/\/yoast.com\/wordpress\/plugins\/seo\/ -->\n<title>School - SCRIIN<\/title>\n<meta name=\"robots\" content=\"index, follow, max-snippet:-1, max-image-preview:large, max-video-preview:-1\" \/>\n<link rel=\"canonical\" href=\"https:\/\/www.scriin.se\/en\/school\/\" \/>\n<meta property=\"og:locale\" content=\"en_US\" \/>\n<meta property=\"og:type\" content=\"article\" \/>\n<meta property=\"og:title\" content=\"School - SCRIIN\" \/>\n<meta property=\"og:url\" content=\"https:\/\/www.scriin.se\/en\/school\/\" \/>\n<meta property=\"og:site_name\" content=\"SCRIIN\" \/>\n<meta property=\"article:modified_time\" content=\"2023-10-13T06:47:50+00:00\" \/>\n<meta property=\"og:image\" content=\"https:\/\/www.scriin.se\/wp-content\/uploads\/scriin-skola-hands-sq.jpg\" \/>\n\t<meta property=\"og:image:width\" content=\"1200\" \/>\n\t<meta property=\"og:image:height\" content=\"1200\" \/>\n\t<meta property=\"og:image:type\" content=\"image\/jpeg\" \/>\n<meta name=\"twitter:card\" content=\"summary_large_image\" \/>\n<meta name=\"twitter:label1\" content=\"Est. reading time\" \/>\n\t<meta name=\"twitter:data1\" content=\"1 minute\" \/>\n<script type=\"application\/ld+json\" class=\"yoast-schema-graph\">{\"@context\":\"https:\/\/schema.org\",\"@graph\":[{\"@type\":\"WebPage\",\"@id\":\"https:\/\/www.scriin.se\/en\/school\/\",\"url\":\"https:\/\/www.scriin.se\/en\/school\/\",\"name\":\"School - SCRIIN\",\"isPartOf\":{\"@id\":\"https:\/\/www.scriin.se\/#website\"},\"datePublished\":\"2022-09-19T05:33:23+00:00\",\"dateModified\":\"2023-10-13T06:47:50+00:00\",\"breadcrumb\":{\"@id\":\"https:\/\/www.scriin.se\/en\/school\/#breadcrumb\"},\"inLanguage\":\"en-US\",\"potentialAction\":[{\"@type\":\"ReadAction\",\"target\":[\"https:\/\/www.scriin.se\/en\/school\/\"]}]},{\"@type\":\"BreadcrumbList\",\"@id\":\"https:\/\/www.scriin.se\/en\/school\/#breadcrumb\",\"itemListElement\":[{\"@type\":\"ListItem\",\"position\":1,\"name\":\"Hem\",\"item\":\"https:\/\/www.scriin.se\/en\/\"},{\"@type\":\"ListItem\",\"position\":2,\"name\":\"School\"}]},{\"@type\":\"WebSite\",\"@id\":\"https:\/\/www.scriin.se\/#website\",\"url\":\"https:\/\/www.scriin.se\/\",\"name\":\"SCRIIN\",\"description\":\"Smart teknik f\u00f6r balans i v\u00e5r digitala v\u00e4rld\",\"potentialAction\":[{\"@type\":\"SearchAction\",\"target\":{\"@type\":\"EntryPoint\",\"urlTemplate\":\"https:\/\/www.scriin.se\/?s={search_term_string}\"},\"query-input\":\"required name=search_term_string\"}],\"inLanguage\":\"en-US\"}]}<\/script>\n<!-- \/ Yoast SEO plugin. -->","yoast_head_json":{"title":"School - SCRIIN","robots":{"index":"index","follow":"follow","max-snippet":"max-snippet:-1","max-image-preview":"max-image-preview:large","max-video-preview":"max-video-preview:-1"},"canonical":"https:\/\/www.scriin.se\/en\/school\/","og_locale":"en_US","og_type":"article","og_title":"School - SCRIIN","og_url":"https:\/\/www.scriin.se\/en\/school\/","og_site_name":"SCRIIN","article_modified_time":"2023-10-13T06:47:50+00:00","og_image":[{"width":1200,"height":1200,"url":"https:\/\/www.scriin.se\/wp-content\/uploads\/scriin-skola-hands-sq.jpg","type":"image\/jpeg"}],"twitter_card":"summary_large_image","twitter_misc":{"Est. reading time":"1 minute"},"schema":{"@context":"https:\/\/schema.org","@graph":[{"@type":"WebPage","@id":"https:\/\/www.scriin.se\/en\/school\/","url":"https:\/\/www.scriin.se\/en\/school\/","name":"School - SCRIIN","isPartOf":{"@id":"https:\/\/www.scriin.se\/#website"},"datePublished":"2022-09-19T05:33:23+00:00","dateModified":"2023-10-13T06:47:50+00:00","breadcrumb":{"@id":"https:\/\/www.scriin.se\/en\/school\/#breadcrumb"},"inLanguage":"en-US","potentialAction":[{"@type":"ReadAction","target":["https:\/\/www.scriin.se\/en\/school\/"]}]},{"@type":"BreadcrumbList","@id":"https:\/\/www.scriin.se\/en\/school\/#breadcrumb","itemListElement":[{"@type":"ListItem","position":1,"name":"Hem","item":"https:\/\/www.scriin.se\/en\/"},{"@type":"ListItem","position":2,"name":"School"}]},{"@type":"WebSite","@id":"https:\/\/www.scriin.se\/#website","url":"https:\/\/www.scriin.se\/","name":"SCRIIN","description":"Smart teknik f\u00f6r balans i v\u00e5r digitala v\u00e4rld","potentialAction":[{"@type":"SearchAction","target":{"@type":"EntryPoint","urlTemplate":"https:\/\/www.scriin.se\/?s={search_term_string}"},"query-input":"required name=search_term_string"}],"inLanguage":"en-US"}]}},"featured_image_src":"https:\/\/www.scriin.se\/wp-content\/uploads\/scriin-skola-hands-sq-600x400.jpg","featured_image_src_square":"https:\/\/www.scriin.se\/wp-content\/uploads\/scriin-skola-hands-sq-600x600.jpg","_links":{"self":[{"href":"https:\/\/www.scriin.se\/en\/wp-json\/wp\/v2\/pages\/1375","targetHints":{"allow":["GET"]}}],"collection":[{"href":"https:\/\/www.scriin.se\/en\/wp-json\/wp\/v2\/pages"}],"about":[{"href":"https:\/\/www.scriin.se\/en\/wp-json\/wp\/v2\/types\/page"}],"author":[{"embeddable":true,"href":"https:\/\/www.scriin.se\/en\/wp-json\/wp\/v2\/users\/1"}],"replies":[{"embeddable":true,"href":"https:\/\/www.scriin.se\/en\/wp-json\/wp\/v2\/comments?post=1375"}],"version-history":[{"count":8,"href":"https:\/\/www.scriin.se\/en\/wp-json\/wp\/v2\/pages\/1375\/revisions"}],"predecessor-version":[{"id":2257,"href":"https:\/\/www.scriin.se\/en\/wp-json\/wp\/v2\/pages\/1375\/revisions\/2257"}],"wp:featuredmedia":[{"embeddable":true,"href":"https:\/\/www.scriin.se\/en\/wp-json\/wp\/v2\/media\/2317"}],"wp:attachment":[{"href":"https:\/\/www.scriin.se\/en\/wp-json\/wp\/v2\/media?parent=1375"}],"curies":[{"name":"wp","href":"https:\/\/api.w.org\/{rel}","templated":true}]}}